{"id":2383,"date":"2025-08-25T13:47:05","date_gmt":"2025-08-25T13:47:05","guid":{"rendered":"https:\/\/kurzy-klimatizace.cz\/?page_id=2383"},"modified":"2025-08-25T13:56:30","modified_gmt":"2025-08-25T13:56:30","slug":"test-page","status":"publish","type":"page","link":"https:\/\/klimakurzy.cz\/?page_id=2383","title":{"rendered":"test page"},"content":{"rendered":"<div class=\"wpb-content-wrapper\"><p>[vc_row][vc_column][vc_tta_accordion title_tag=&#8220;h4&#8243; style=&#8220;flat&#8220; shape=&#8220;square&#8220; c_icon=&#8220;chevron&#8220; active_section=&#8220;1&#8243; collapsible_all=&#8220;true&#8220; title=&#8220;tested one&#8220;][vc_tta_section title=&#8220;Section 1&#8243; tab_id=&#8220;1756129832065-0be6c1f7-4e48&#8243;][vc_column_text css=&#8220;&#8220;]I am text block. Click edit button to change this text. Lorem ipsum dolor sit amet, consectetur adipiscing elit. Ut elit tellus, luctus nec ullamcorper mattis, pulvinar dapibus leo.[\/vc_column_text][\/vc_tta_section][vc_tta_section title=&#8220;Section 3&#8243; tab_id=&#8220;1756129832070-c81a7492-3467&#8243;][vc_column_text css=&#8220;&#8220;]I am text block. Click edit button to change this text. Lorem ipsum dolor sit amet, consectetur adipiscing elit. Ut elit tellus, luctus nec ullamcorper mattis, pulvinar dapibus leo.[\/vc_column_text][\/vc_tta_section][vc_tta_section title=&#8220;Section&#8220; tab_id=&#8220;1756129859234-27f750d9-8e48&#8243;][vc_column_text css=&#8220;&#8220;]I am text block. Click edit button to change this text. Lorem ipsum dolor sit amet, consectetur adipiscing elit. Ut elit tellus, luctus nec ullamcorper mattis, pulvinar dapibus leo.[\/vc_column_text][\/vc_tta_section][vc_tta_section title=&#8220;Section&#8220; tab_id=&#8220;1756129934879-15f16d17-ee5f&#8220;][\/vc_tta_section][\/vc_tta_accordion][\/vc_column][\/vc_row]<\/p>\n<\/div>","protected":false},"excerpt":{"rendered":"<p>[vc_row][vc_column][vc_tta_accordion title_tag=&#8220;h4&#8243; style=&#8220;flat&#8220; shape=&#8220;square&#8220; c_icon=&#8220;chevron&#8220; active_section=&#8220;1&#8243; collapsible_all=&#8220;true&#8220; title=&#8220;tested one&#8220;][vc_tta_section title=&#8220;Section 1&#8243; tab_id=&#8220;1756129832065-0be6c1f7-4e48&#8243;][vc_column_text css=&#8220;&#8220;]I am text block. Click edit button to change this text. Lorem ipsum dolor sit amet, consectetur adipiscing [&hellip;]<\/p>\n","protected":false},"author":1,"featured_media":0,"parent":0,"menu_order":0,"comment_status":"closed","ping_status":"closed","template":"","meta":{"footnotes":""},"class_list":["post-2383","page","type-page","status-publish","hentry"],"yoast_head":"<!-- This site is optimized with the Yoast SEO plugin v27.3 - https:\/\/yoast.com\/product\/yoast-seo-wordpress\/ -->\n<title>test page - kurzy-klimatizace<\/title>\n<meta name=\"robots\" content=\"index, follow, max-snippet:-1, max-image-preview:large, max-video-preview:-1\" \/>\n<link rel=\"canonical\" href=\"https:\/\/klimakurzy.cz\/?page_id=2383\" \/>\n<meta property=\"og:locale\" content=\"cs_CZ\" \/>\n<meta property=\"og:type\" content=\"article\" \/>\n<meta property=\"og:title\" content=\"test page - kurzy-klimatizace\" \/>\n<meta property=\"og:description\" content=\"[vc_row][vc_column][vc_tta_accordion title_tag=&#8220;h4&#8243; style=&#8220;flat&#8220; shape=&#8220;square&#8220; c_icon=&#8220;chevron&#8220; active_section=&#8220;1&#8243; collapsible_all=&#8220;true&#8220; title=&#8220;tested one&#8220;][vc_tta_section title=&#8220;Section 1&#8243; tab_id=&#8220;1756129832065-0be6c1f7-4e48&#8243;][vc_column_text css=&#8220;&#8220;]I am text block. Click edit button to change this text. Lorem ipsum dolor sit amet, consectetur adipiscing [&hellip;]\" \/>\n<meta property=\"og:url\" content=\"https:\/\/klimakurzy.cz\/?page_id=2383\" \/>\n<meta property=\"og:site_name\" content=\"kurzy-klimatizace\" \/>\n<meta property=\"article:modified_time\" content=\"2025-08-25T13:56:30+00:00\" \/>\n<meta name=\"twitter:card\" content=\"summary_large_image\" \/>\n<meta name=\"twitter:label1\" content=\"Odhadovan\u00e1 doba \u010dten\u00ed\" \/>\n\t<meta name=\"twitter:data1\" content=\"1 minuta\" \/>\n<script type=\"application\/ld+json\" class=\"yoast-schema-graph\">{\"@context\":\"https:\\\/\\\/schema.org\",\"@graph\":[{\"@type\":\"WebPage\",\"@id\":\"https:\\\/\\\/klimakurzy.cz\\\/?page_id=2383\",\"url\":\"https:\\\/\\\/klimakurzy.cz\\\/?page_id=2383\",\"name\":\"test page - kurzy-klimatizace\",\"isPartOf\":{\"@id\":\"https:\\\/\\\/klimakurzy.cz\\\/#website\"},\"datePublished\":\"2025-08-25T13:47:05+00:00\",\"dateModified\":\"2025-08-25T13:56:30+00:00\",\"breadcrumb\":{\"@id\":\"https:\\\/\\\/klimakurzy.cz\\\/?page_id=2383#breadcrumb\"},\"inLanguage\":\"cs\",\"potentialAction\":[{\"@type\":\"ReadAction\",\"target\":[\"https:\\\/\\\/klimakurzy.cz\\\/?page_id=2383\"]}]},{\"@type\":\"BreadcrumbList\",\"@id\":\"https:\\\/\\\/klimakurzy.cz\\\/?page_id=2383#breadcrumb\",\"itemListElement\":[{\"@type\":\"ListItem\",\"position\":1,\"name\":\"Dom\u016f\",\"item\":\"https:\\\/\\\/klimakurzy.cz\\\/\"},{\"@type\":\"ListItem\",\"position\":2,\"name\":\"test page\"}]},{\"@type\":\"WebSite\",\"@id\":\"https:\\\/\\\/klimakurzy.cz\\\/#website\",\"url\":\"https:\\\/\\\/klimakurzy.cz\\\/\",\"name\":\"kurzy-klimatizace\",\"description\":\"Kurzy-klimatizace\",\"potentialAction\":[{\"@type\":\"SearchAction\",\"target\":{\"@type\":\"EntryPoint\",\"urlTemplate\":\"https:\\\/\\\/klimakurzy.cz\\\/?s={search_term_string}\"},\"query-input\":{\"@type\":\"PropertyValueSpecification\",\"valueRequired\":true,\"valueName\":\"search_term_string\"}}],\"inLanguage\":\"cs\"}]}<\/script>\n<!-- \/ Yoast SEO plugin. -->","yoast_head_json":{"title":"test page - kurzy-klimatizace","robots":{"index":"index","follow":"follow","max-snippet":"max-snippet:-1","max-image-preview":"max-image-preview:large","max-video-preview":"max-video-preview:-1"},"canonical":"https:\/\/klimakurzy.cz\/?page_id=2383","og_locale":"cs_CZ","og_type":"article","og_title":"test page - kurzy-klimatizace","og_description":"[vc_row][vc_column][vc_tta_accordion title_tag=&#8220;h4&#8243; style=&#8220;flat&#8220; shape=&#8220;square&#8220; c_icon=&#8220;chevron&#8220; active_section=&#8220;1&#8243; collapsible_all=&#8220;true&#8220; title=&#8220;tested one&#8220;][vc_tta_section title=&#8220;Section 1&#8243; tab_id=&#8220;1756129832065-0be6c1f7-4e48&#8243;][vc_column_text css=&#8220;&#8220;]I am text block. Click edit button to change this text. Lorem ipsum dolor sit amet, consectetur adipiscing [&hellip;]","og_url":"https:\/\/klimakurzy.cz\/?page_id=2383","og_site_name":"kurzy-klimatizace","article_modified_time":"2025-08-25T13:56:30+00:00","twitter_card":"summary_large_image","twitter_misc":{"Odhadovan\u00e1 doba \u010dten\u00ed":"1 minuta"},"schema":{"@context":"https:\/\/schema.org","@graph":[{"@type":"WebPage","@id":"https:\/\/klimakurzy.cz\/?page_id=2383","url":"https:\/\/klimakurzy.cz\/?page_id=2383","name":"test page - kurzy-klimatizace","isPartOf":{"@id":"https:\/\/klimakurzy.cz\/#website"},"datePublished":"2025-08-25T13:47:05+00:00","dateModified":"2025-08-25T13:56:30+00:00","breadcrumb":{"@id":"https:\/\/klimakurzy.cz\/?page_id=2383#breadcrumb"},"inLanguage":"cs","potentialAction":[{"@type":"ReadAction","target":["https:\/\/klimakurzy.cz\/?page_id=2383"]}]},{"@type":"BreadcrumbList","@id":"https:\/\/klimakurzy.cz\/?page_id=2383#breadcrumb","itemListElement":[{"@type":"ListItem","position":1,"name":"Dom\u016f","item":"https:\/\/klimakurzy.cz\/"},{"@type":"ListItem","position":2,"name":"test page"}]},{"@type":"WebSite","@id":"https:\/\/klimakurzy.cz\/#website","url":"https:\/\/klimakurzy.cz\/","name":"kurzy-klimatizace","description":"Kurzy-klimatizace","potentialAction":[{"@type":"SearchAction","target":{"@type":"EntryPoint","urlTemplate":"https:\/\/klimakurzy.cz\/?s={search_term_string}"},"query-input":{"@type":"PropertyValueSpecification","valueRequired":true,"valueName":"search_term_string"}}],"inLanguage":"cs"}]}},"_links":{"self":[{"href":"https:\/\/klimakurzy.cz\/index.php?rest_route=\/wp\/v2\/pages\/2383","targetHints":{"allow":["GET"]}}],"collection":[{"href":"https:\/\/klimakurzy.cz\/index.php?rest_route=\/wp\/v2\/pages"}],"about":[{"href":"https:\/\/klimakurzy.cz\/index.php?rest_route=\/wp\/v2\/types\/page"}],"author":[{"embeddable":true,"href":"https:\/\/klimakurzy.cz\/index.php?rest_route=\/wp\/v2\/users\/1"}],"replies":[{"embeddable":true,"href":"https:\/\/klimakurzy.cz\/index.php?rest_route=%2Fwp%2Fv2%2Fcomments&post=2383"}],"version-history":[{"count":0,"href":"https:\/\/klimakurzy.cz\/index.php?rest_route=\/wp\/v2\/pages\/2383\/revisions"}],"wp:attachment":[{"href":"https:\/\/klimakurzy.cz\/index.php?rest_route=%2Fwp%2Fv2%2Fmedia&parent=2383"}],"curies":[{"name":"wp","href":"https:\/\/api.w.org\/{rel}","templated":true}]}}