{"id":5,"date":"2014-10-23T11:08:14","date_gmt":"2014-10-23T11:08:14","guid":{"rendered":"https:\/\/kurzy-klimatizace.cz\/?page_id=5"},"modified":"2026-04-07T13:05:50","modified_gmt":"2026-04-07T13:05:50","slug":"kurzy-klimatizace","status":"publish","type":"page","link":"https:\/\/klimakurzy.cz\/","title":{"rendered":"\u00davod"},"content":{"rendered":"<div class=\"wpb-content-wrapper\"><p>[vc_row][vc_column]<div class=\"sc_section\" data-animation=\"animated zoomIn normal\" style=\"color:#085396;\"><div class=\"sc_content content_wrap\" style=\"margin-top:3em !important;margin-bottom:3em !important;\"><div class=\"columns_wrap sc_columns columns_fluid sc_columns_count_3\"><div class=\"column-1_3 sc_column_item sc_column_item_1 odd first\" style=\"text-align:center;\"><a href=\"https:\/\/klimakurzy.cz\/about-us\/\" class=\"sc_icon icon-users-2 sc_icon_bg_menu menu_dark_color\" style=\"font-size:5em; line-height: 1em;\"><\/a><div class=\"sc_section\" style=\"margin-top:1em !important;font-weight:400;\">[vc_column_text css=&#8220;&#8220;]<a class=\"menu_color\" href=\"https:\/\/klimakurzy.cz\/about-us\/\">Absolvujte kurzy s oborou obnoviteln\u00fdch zdroj\u016f s personalizovanou podporou<\/a>[\/vc_column_text]<\/div><\/div><div class=\"column-1_3 sc_column_item sc_column_item_2 even\" style=\"text-align:center;\"><a href=\"https:\/\/klimakurzy.cz\/about-us\/\" class=\"sc_icon icon-rocket-2 sc_icon_bg_menu menu_dark_color\" style=\"font-size:5em; line-height: 1em;\"><\/a><div class=\"sc_section\" style=\"margin-top:1em !important;font-weight:400;\">[vc_column_text css=&#8220;&#8220;]<a class=\"menu_color\" href=\"https:\/\/klimakurzy.cz\/about-us\/\">Zdokonalujte se v oboru, abyste uk\u00e1zali sv\u00e9 dovednosti. <\/a>[\/vc_column_text]<\/div><\/div><div class=\"column-1_3 sc_column_item sc_column_item_3 odd\" style=\"text-align:center;\"><a href=\"https:\/\/klimakurzy.cz\/about-us\/\" class=\"sc_icon icon-world-2 sc_icon_bg_menu menu_dark_color\" style=\"font-size:5em; line-height: 1em;\"><\/a><div class=\"sc_section\" style=\"margin-top:1em !important;color:#076CC6;background-color:#FFFFFF;font-weight:400;\"><div class=\"sc_section_overlay\" style=\"\"><div class=\"sc_section_content\">[vc_column_text css=&#8220;&#8220;]<a class=\"menu_color\" href=\"https:\/\/klimakurzy.cz\/about-us\/\">Z\u00edskejte certifik\u00e1ty uzn\u00e1van\u00e9 v oboru<\/a>[\/vc_column_text]<\/div><\/div><\/div><\/div><\/div><\/div><\/div>[\/vc_column][\/vc_row][vc_row][vc_column]<div class=\"sc_section accent_top bg_tint_light\" data-animation=\"animated fadeInUp normal\" style=\"background-color:#f4f7f9;\"><div class=\"sc_section_overlay\" style=\"\"><div class=\"sc_section_content\"><div class=\"sc_content content_wrap\" style=\"margin-top:2.5em !important;margin-bottom:2.5em !important;\"><h2 class=\"sc_title sc_title_regular sc_align_center\" style=\"margin-top:0px;margin-bottom:0.85em;text-align:center;\">Kurzy za\u010d\u00ednaj\u00edc\u00ed brzy<\/h2><a href=\"\/?product_cat=kurzy\" class=\"sc_button sc_button_square sc_button_style_filled sc_button_bg_menu sc_button_size_small aligncenter  sc_button_iconed icon-graduation\" style=\"margin-top:1em;margin-bottom:4px;width:12em;\">POD\u00cdVAT SE NA V\u0160ECHNY KURZY<\/a><\/div><\/div><\/div><\/div>[\/vc_column][\/vc_row][vc_row][vc_column]<div class=\"sc_section\" data-animation=\"animated fadeInUp normal\"><div class=\"sc_content content_wrap\" style=\"margin-top:2.5em !important;margin-bottom:2.5em !important;\"><div class=\"sc_section aligncenter\" style=\"width:70%;\"><h2 class=\"sc_title sc_title_regular\" style=\"margin-top:0px;\">U\u010dte se od nejlep\u0161\u00edch<\/h2>[vc_column_text css=&#8220;&#8220;]Na\u0161e kurzy jsou vytvo\u0159eny ve spolupr\u00e1ci s technologick\u00fdmi l\u00eddry a jsou relevantn\u00ed pro pot\u0159eby oboru. Po absolvov\u00e1n\u00ed kurzu obdr\u017e\u00edte ov\u011b\u0159en\u00fd certifik\u00e1t o absolvov\u00e1n\u00ed uzn\u00e1van\u00fd v oboru.[\/vc_column_text]<\/div><\/div><\/div>[\/vc_column][\/vc_row][vc_row][vc_column]<div class=\"sc_section accent_top bg_tint_light\" data-animation=\"animated fadeInUp normal\" style=\"background-color:#f4f7f9;\"><div class=\"sc_section_overlay\" style=\"\"><div class=\"sc_section_content\"><div class=\"sc_content content_wrap\" style=\"margin-top:2.5em !important;margin-bottom:2.5em !important;\"><div class=\"columns_wrap sc_columns columns_nofluid sc_columns_count_3\"><div class=\"column-1_3 sc_column_item sc_column_item_1 odd first\" style=\"text-align:center;\"><div class=\"sc_price_block sc_price_block_style_1\" style=\"width:100%;\"><div class=\"sc_price_block_title\">Klimatizace<\/div><div class=\"sc_price_block_money\"><div class=\"sc_price_block_icon icon-angle-double-up\"><\/div><\/div><div class=\"sc_price_block_description\"><span class=\"sc_highlight\" style=\"font-size:2.5714em; line-height: 1em;\"><b>Posu\u0148me se spole\u010dn\u011b d\u00e1le<\/b><\/span><\/div><div class=\"sc_price_block_link\"><a href=\"\/?product=kurz-klimatizaci\/\" class=\"sc_button sc_button_square sc_button_style_filled sc_button_bg_link sc_button_size_small\">CHCI SE TO NAU\u010cIT<\/a><\/div><\/div><\/div><div class=\"column-1_3 sc_column_item sc_column_item_2 even\" style=\"text-align:center;color:#FFFFFF00;\"><div class=\"sc_column_item_inner\" style=\"background-color:#FFFFFF00;\"><div class=\"sc_price_block sc_price_block_style_2\" style=\"width:100%;\"><div class=\"sc_price_block_title\">Tepeln\u00e1 \u010derpadla<\/div><div class=\"sc_price_block_money\"><div class=\"sc_price_block_icon icon-fire\"><\/div><\/div><div class=\"sc_price_block_description\"><strong>Poj\u010fme spole\u010dn\u011b zlep\u0161it kvalitu na\u0161ich obydl\u00ed<\/strong><\/div><div class=\"sc_price_block_link\"><a href=\"\/?product=kurz-tepelnych-cerpadel-%f0%9f%94%a7%f0%9f%8c%a1%ef%b8%8f\/\" class=\"sc_button sc_button_square sc_button_style_filled sc_button_bg_link sc_button_size_small\">CHCI SE TO NAU\u010cIT<\/a><\/div><\/div><\/div><\/div><div class=\"column-1_3 sc_column_item sc_column_item_3 odd\" style=\"text-align:center;\"><div class=\"sc_price_block sc_price_block_style_3\" style=\"width:100%;\"><div class=\"sc_price_block_title\">PVT hybridy<\/div><div class=\"sc_price_block_money\"><div class=\"sc_price_block_icon icon-windows\"><\/div><\/div><div class=\"sc_price_block_description\">Nau\u010dte se s hybridy, kter\u00e9 jsou unik\u00e1tn\u00ed a jedin\u00e9 v \u010cR<\/div><div class=\"sc_price_block_link\"><a href=\"\/?product=kurz-pvt-hybridnich-systemu-%e2%98%80%ef%b8%8f%f0%9f%94%a7\" class=\"sc_button sc_button_square sc_button_style_filled sc_button_bg_link sc_button_size_small\">CHCI SE TO NAU\u010cIT<\/a><\/div><\/div><\/div><\/div><\/div><\/div><\/div><\/div>[\/vc_column][\/vc_row][vc_row][vc_column]<div class=\"sc_line sc_line_style_solid\" style=\"margin-top:0px;margin-bottom:0px;border-top-style:solid;\"><\/div><div class=\"sc_section\" data-animation=\"animated fadeInUp normal\"><div class=\"sc_content content_wrap\" style=\"margin-top:2.5em !important;margin-bottom:2.5em !important;\"><div class=\"columns_wrap sc_columns columns_nofluid sc_columns_count_2\"><div class=\"column-1_2 sc_column_item sc_column_item_1 odd first\"><h3 class=\"sc_title sc_title_iconed sc_align_left\" style=\"text-align:left;\"><span class=\"sc_title_icon sc_title_icon_left  sc_title_icon_medium icon-video-2\"><\/span><strong data-start=\"493\" data-end=\"542\">Sta\u0148te se specialistou na modern\u00ed technologie<\/strong><\/h3>[vc_column_text css=&#8220;&#8220;]Nau\u010dte se instalaci klimatizac\u00ed, tepeln\u00fdch \u010derpadel a PVT hybrid\u016f v praxi.<br data-start=\"394\" data-end=\"397\" \/>Praktick\u00e1 \u0161kolen\u00ed pro mont\u00e1\u017en\u00edky a techniky.[\/vc_column_text]<a href=\"https:\/\/klimakurzy.cz\/?product_cat=kurzy\" class=\"sc_button sc_button_square sc_button_style_filled sc_button_bg_link sc_button_size_small\" style=\"margin-bottom:4px;margin-left:4px;\">ZOBRAZIT V\u0160ECHNY KURZY<\/a><\/div><div class=\"column-1_2 sc_column_item sc_column_item_2 even\"><video class=\"sc_video\" src=\"https:\/\/youtube.com\/embed\/78XSqyo8rLI\" width=\"100%\" height=\"\" data-width=\"100%\" data-height=\"\" data-ratio=\"16:9\" poster=\"https:\/\/i1.ytimg.com\/vi\/78XSqyo8rLI\/0.jpg\" data-image=\"https:\/\/i1.ytimg.com\/vi\/78XSqyo8rLI\/0.jpg\" data-bg-image=\"https:\/\/klimakurzy.cz\/wp-content\/uploads\/2015\/01\/post_video_border.png\" data-style=\"padding-top:4%;padding-right:3%;padding-bottom:23%;padding-left:13%;background-image: url(https:\/\/klimakurzy.cz\/wp-content\/uploads\/2015\/01\/post_video_border.png);\" style=\"width:100%;\" autoplay=\"autoplay\" controls=\"controls\" loop=\"loop\"><\/video><\/div><\/div><\/div><\/div>[\/vc_column][\/vc_row][vc_row][vc_column]<!-- #TRX_GAP_START# --><div class=\"sc_section bg_tint_dark\" style=\"background-color:#15af85;\"><div class=\"sc_section_overlay\" style=\"\"><div class=\"sc_section_content\"><div class=\"sc_content content_wrap\" style=\"margin-top:3em !important;margin-bottom:3em !important;\"><div id=\"sc_testimonials_1853905223\" class=\"sc_testimonials sc_slider_swiper swiper-slider-container sc_slider_nopagination sc_slider_controls sc_slider_height_fixed aligncenter\" data-old-height=\"12em\" data-interval=\"6055\" style=\"height:12em;width:100%;\"><div class=\"slides swiper-wrapper\"><div class=\"swiper-slide\" data-style=\"width:100%;height:12em;\" style=\"width:100%;height:12em;\"><div class=\"sc_testimonial_item\"><div class=\"sc_testimonial_avatar\"><img decoding=\"async\" class=\"wp-post-image\" width=\"70\" height=\"70\" alt=\"Pratelsky-portret-profesionala.png\" src=\"https:\/\/klimakurzy.cz\/wp-content\/uploads\/2015\/01\/Pratelsky-portret-profesionala-70x70.png\"><\/div><div class=\"sc_testimonial_content\"><p>Skv\u011bl\u00e1 kombinace teorie a praxe. Po kurzu jsem si troufl na prvn\u00ed instalace bez obav. Oce\u0148uji profesion\u00e1ln\u00ed p\u0159\u00edstup i re\u00e1ln\u00e9 uk\u00e1zky z praxe.<\/p>\n<\/div><div class=\"sc_testimonial_author\">David Kone\u010dn\u00fd<\/div><\/div><\/div><div class=\"swiper-slide\" data-style=\"width:100%;height:12em;\" style=\"width:100%;height:12em;\"><div class=\"sc_testimonial_item\"><div class=\"sc_testimonial_avatar\"><img decoding=\"async\" class=\"wp-post-image\" width=\"70\" height=\"70\" alt=\"134439586-headshot-portrait-of-happy-millennial-man-in-casual-clothes-isolated-on-grey-studio-background.jpg\" src=\"https:\/\/klimakurzy.cz\/wp-content\/uploads\/2015\/01\/134439586-headshot-portrait-of-happy-millennial-man-in-casual-clothes-isolated-on-grey-studio-background-70x70.jpg\"><\/div><div class=\"sc_testimonial_content\"><p>Kurz klimatizac\u00ed byl velmi p\u0159\u00ednosn\u00fd. \u0160kolitel\u00e9 maj\u00ed zku\u0161enosti z praxe a p\u0159ed\u00e1vaj\u00ed informace jasn\u011b a bez zbyte\u010dn\u00e9 teorie. Doporu\u010duji ka\u017ed\u00e9mu technikovi.<\/p>\n<\/div><div class=\"sc_testimonial_author\">Michal Urban<\/div><\/div><\/div><div class=\"swiper-slide\" data-style=\"width:100%;height:12em;\" style=\"width:100%;height:12em;\"><div class=\"sc_testimonial_item\"><div class=\"sc_testimonial_content\"><p>P\u0159ehledn\u00e1 v\u00fduka, praktick\u00e9 uk\u00e1zky a profesion\u00e1ln\u00ed p\u0159\u00edstup. Kurz mi pomohl roz\u0161\u00ed\u0159it nab\u00eddku slu\u017eeb a z\u00edskat nov\u00e9 zak\u00e1zky.<\/p>\n<\/div><div class=\"sc_testimonial_author\">Radek Bene\u0161<\/div><\/div><\/div><\/div><div class=\"sc_slider_controls_wrap\"><a class=\"sc_slider_prev\" href=\"#\"><\/a><a class=\"sc_slider_next\" href=\"#\"><\/a><\/div><\/div><\/div><\/div><\/div><\/div><div class=\"sc_section\" style=\"background-color:#f4f7f9;\"><div class=\"sc_section_overlay\" style=\"\"><div class=\"sc_section_content\"><\/div><\/div><\/div><!-- #TRX_GAP_END# -->[\/vc_column][\/vc_row]<\/p>\n<\/div>","protected":false},"excerpt":{"rendered":"<p>[vc_row][vc_column][\/vc_column][\/vc_row][vc_row][vc_column][\/vc_column][\/vc_row][vc_row][vc_column][\/vc_column][\/vc_row][vc_row][vc_column][\/vc_column][\/vc_row][vc_row][vc_column][\/vc_column][\/vc_row][vc_row][vc_column][\/vc_column][\/vc_row]<\/p>\n","protected":false},"author":1,"featured_media":0,"parent":0,"menu_order":0,"comment_status":"open","ping_status":"open","template":"","meta":{"footnotes":""},"class_list":["post-5","page","type-page","status-publish","hentry"],"yoast_head":"<!-- This site is optimized with the Yoast SEO plugin v27.3 - https:\/\/yoast.com\/product\/yoast-seo-wordpress\/ -->\n<title>Kurzy klimatizace | \u0160kolen\u00ed mont\u00e1\u017ee a servis klimatizac\u00ed<\/title>\n<meta name=\"description\" content=\"Kurzy klimatizace a chladic\u00ed techniky. Nau\u010dte se mont\u00e1\u017e, servis i diagnostiku. Praktick\u00e9 \u0161kolen\u00ed veden\u00e9 odborn\u00edky. Rezervujte si m\u00edsto.\" \/>\n<meta name=\"robots\" content=\"index, follow, max-snippet:-1, max-image-preview:large, max-video-preview:-1\" \/>\n<link rel=\"canonical\" href=\"https:\/\/klimakurzy.cz\/\" \/>\n<meta property=\"og:locale\" content=\"cs_CZ\" \/>\n<meta property=\"og:type\" content=\"article\" \/>\n<meta property=\"og:title\" content=\"Kurzy klimatizace | \u0160kolen\u00ed mont\u00e1\u017ee a servis klimatizac\u00ed\" \/>\n<meta property=\"og:description\" content=\"Kurzy klimatizace a chladic\u00ed techniky. Nau\u010dte se mont\u00e1\u017e, servis i diagnostiku. Praktick\u00e9 \u0161kolen\u00ed veden\u00e9 odborn\u00edky. Rezervujte si m\u00edsto.\" \/>\n<meta property=\"og:url\" content=\"https:\/\/klimakurzy.cz\/\" \/>\n<meta property=\"og:site_name\" content=\"kurzy-klimatizace\" \/>\n<meta property=\"article:modified_time\" content=\"2026-04-07T13:05:50+00:00\" \/>\n<meta name=\"twitter:card\" content=\"summary_large_image\" \/>\n<meta name=\"twitter:label1\" content=\"Odhadovan\u00e1 doba \u010dten\u00ed\" \/>\n\t<meta name=\"twitter:data1\" content=\"2 minuty\" \/>\n<script type=\"application\/ld+json\" class=\"yoast-schema-graph\">{\"@context\":\"https:\\\/\\\/schema.org\",\"@graph\":[{\"@type\":\"WebPage\",\"@id\":\"https:\\\/\\\/klimakurzy.cz\\\/\",\"url\":\"https:\\\/\\\/klimakurzy.cz\\\/\",\"name\":\"Kurzy klimatizace | \u0160kolen\u00ed mont\u00e1\u017ee a servis klimatizac\u00ed\",\"isPartOf\":{\"@id\":\"https:\\\/\\\/klimakurzy.cz\\\/#website\"},\"datePublished\":\"2014-10-23T11:08:14+00:00\",\"dateModified\":\"2026-04-07T13:05:50+00:00\",\"description\":\"Kurzy klimatizace a chladic\u00ed techniky. Nau\u010dte se mont\u00e1\u017e, servis i diagnostiku. Praktick\u00e9 \u0161kolen\u00ed veden\u00e9 odborn\u00edky. Rezervujte si m\u00edsto.\",\"breadcrumb\":{\"@id\":\"https:\\\/\\\/klimakurzy.cz\\\/#breadcrumb\"},\"inLanguage\":\"cs\",\"potentialAction\":[{\"@type\":\"ReadAction\",\"target\":[\"https:\\\/\\\/klimakurzy.cz\\\/\"]}]},{\"@type\":\"BreadcrumbList\",\"@id\":\"https:\\\/\\\/klimakurzy.cz\\\/#breadcrumb\",\"itemListElement\":[{\"@type\":\"ListItem\",\"position\":1,\"name\":\"Dom\u016f\",\"item\":\"https:\\\/\\\/klimakurzy.cz\\\/\"},{\"@type\":\"ListItem\",\"position\":2,\"name\":\"\u00davod\"}]},{\"@type\":\"WebSite\",\"@id\":\"https:\\\/\\\/klimakurzy.cz\\\/#website\",\"url\":\"https:\\\/\\\/klimakurzy.cz\\\/\",\"name\":\"kurzy-klimatizace\",\"description\":\"Kurzy-klimatizace\",\"potentialAction\":[{\"@type\":\"SearchAction\",\"target\":{\"@type\":\"EntryPoint\",\"urlTemplate\":\"https:\\\/\\\/klimakurzy.cz\\\/?s={search_term_string}\"},\"query-input\":{\"@type\":\"PropertyValueSpecification\",\"valueRequired\":true,\"valueName\":\"search_term_string\"}}],\"inLanguage\":\"cs\"}]}<\/script>\n<!-- \/ Yoast SEO plugin. -->","yoast_head_json":{"title":"Kurzy klimatizace | \u0160kolen\u00ed mont\u00e1\u017ee a servis klimatizac\u00ed","description":"Kurzy klimatizace a chladic\u00ed techniky. Nau\u010dte se mont\u00e1\u017e, servis i diagnostiku. Praktick\u00e9 \u0161kolen\u00ed veden\u00e9 odborn\u00edky. Rezervujte si m\u00edsto.","robots":{"index":"index","follow":"follow","max-snippet":"max-snippet:-1","max-image-preview":"max-image-preview:large","max-video-preview":"max-video-preview:-1"},"canonical":"https:\/\/klimakurzy.cz\/","og_locale":"cs_CZ","og_type":"article","og_title":"Kurzy klimatizace | \u0160kolen\u00ed mont\u00e1\u017ee a servis klimatizac\u00ed","og_description":"Kurzy klimatizace a chladic\u00ed techniky. Nau\u010dte se mont\u00e1\u017e, servis i diagnostiku. Praktick\u00e9 \u0161kolen\u00ed veden\u00e9 odborn\u00edky. Rezervujte si m\u00edsto.","og_url":"https:\/\/klimakurzy.cz\/","og_site_name":"kurzy-klimatizace","article_modified_time":"2026-04-07T13:05:50+00:00","twitter_card":"summary_large_image","twitter_misc":{"Odhadovan\u00e1 doba \u010dten\u00ed":"2 minuty"},"schema":{"@context":"https:\/\/schema.org","@graph":[{"@type":"WebPage","@id":"https:\/\/klimakurzy.cz\/","url":"https:\/\/klimakurzy.cz\/","name":"Kurzy klimatizace | \u0160kolen\u00ed mont\u00e1\u017ee a servis klimatizac\u00ed","isPartOf":{"@id":"https:\/\/klimakurzy.cz\/#website"},"datePublished":"2014-10-23T11:08:14+00:00","dateModified":"2026-04-07T13:05:50+00:00","description":"Kurzy klimatizace a chladic\u00ed techniky. Nau\u010dte se mont\u00e1\u017e, servis i diagnostiku. Praktick\u00e9 \u0161kolen\u00ed veden\u00e9 odborn\u00edky. Rezervujte si m\u00edsto.","breadcrumb":{"@id":"https:\/\/klimakurzy.cz\/#breadcrumb"},"inLanguage":"cs","potentialAction":[{"@type":"ReadAction","target":["https:\/\/klimakurzy.cz\/"]}]},{"@type":"BreadcrumbList","@id":"https:\/\/klimakurzy.cz\/#breadcrumb","itemListElement":[{"@type":"ListItem","position":1,"name":"Dom\u016f","item":"https:\/\/klimakurzy.cz\/"},{"@type":"ListItem","position":2,"name":"\u00davod"}]},{"@type":"WebSite","@id":"https:\/\/klimakurzy.cz\/#website","url":"https:\/\/klimakurzy.cz\/","name":"kurzy-klimatizace","description":"Kurzy-klimatizace","potentialAction":[{"@type":"SearchAction","target":{"@type":"EntryPoint","urlTemplate":"https:\/\/klimakurzy.cz\/?s={search_term_string}"},"query-input":{"@type":"PropertyValueSpecification","valueRequired":true,"valueName":"search_term_string"}}],"inLanguage":"cs"}]}},"_links":{"self":[{"href":"https:\/\/klimakurzy.cz\/index.php?rest_route=\/wp\/v2\/pages\/5","targetHints":{"allow":["GET"]}}],"collection":[{"href":"https:\/\/klimakurzy.cz\/index.php?rest_route=\/wp\/v2\/pages"}],"about":[{"href":"https:\/\/klimakurzy.cz\/index.php?rest_route=\/wp\/v2\/types\/page"}],"author":[{"embeddable":true,"href":"https:\/\/klimakurzy.cz\/index.php?rest_route=\/wp\/v2\/users\/1"}],"replies":[{"embeddable":true,"href":"https:\/\/klimakurzy.cz\/index.php?rest_route=%2Fwp%2Fv2%2Fcomments&post=5"}],"version-history":[{"count":22,"href":"https:\/\/klimakurzy.cz\/index.php?rest_route=\/wp\/v2\/pages\/5\/revisions"}],"predecessor-version":[{"id":2480,"href":"https:\/\/klimakurzy.cz\/index.php?rest_route=\/wp\/v2\/pages\/5\/revisions\/2480"}],"wp:attachment":[{"href":"https:\/\/klimakurzy.cz\/index.php?rest_route=%2Fwp%2Fv2%2Fmedia&parent=5"}],"curies":[{"name":"wp","href":"https:\/\/api.w.org\/{rel}","templated":true}]}}