{"id":52,"date":"2014-12-30T10:08:50","date_gmt":"2014-12-30T10:08:50","guid":{"rendered":"https:\/\/kurzy-klimatizace.cz\/?page_id=52"},"modified":"2026-04-03T14:00:43","modified_gmt":"2026-04-03T14:00:43","slug":"contact-us","status":"publish","type":"page","link":"https:\/\/klimakurzy.cz\/?page_id=52","title":{"rendered":"Kontaktujte n\u00e1s"},"content":{"rendered":"<div class=\"wpb-content-wrapper\"><p>[vc_row][vc_column]<div class=\"sc_section\" style=\"margin-top:3rem !important;margin-bottom:3.5rem !important;\"><div class=\"sc_content content_wrap\" style=\"margin-top:3em !important;margin-bottom:3em !important;\"><div class=\"columns_wrap sc_columns columns_fluid sc_columns_count_3\"><div class=\"column-1_3 sc_column_item sc_column_item_1 odd first\" style=\"text-align:center;\"><span class=\"sc_icon icon-mail-2 link_color\" style=\"font-size:5em; line-height: 1em;\"><\/span><div class=\"sc_section\" style=\"margin-top:1em !important;\">[vc_column_text css=&#8220;&#8220;]<a href=\"mailto:info@yoursite.com\">info@kurzy-klimatizace.cz<\/a><br \/>\n<a href=\"http:\/\/www.yoursite.com\" target=\"_blank\" rel=\"noopener noreferrer\">www.kurzy-klimatizace.cz<\/a>[\/vc_column_text]<\/div><\/div><div class=\"column-1_3 sc_column_item sc_column_item_2 even\" style=\"text-align:center;\"><span class=\"sc_icon icon-telephone-2 link_color\" style=\"font-size:5em; line-height: 1em;\"><\/span><div class=\"sc_section\" style=\"margin-top:1em !important;color:#222222;\">[vc_column_text css=&#8220;&#8220;]<a href=\"tel:+1(800)123-4567\">+420608247812<\/a>[\/vc_column_text]<\/div><\/div><div class=\"column-1_3 sc_column_item sc_column_item_3 odd\" style=\"text-align:center;\"><span class=\"sc_icon icon-map-2 link_color\" style=\"font-size:5em; line-height: 1em;\"><\/span><div class=\"sc_section\" style=\"margin-top:1em !important;color:#222222;\">[vc_column_text css=&#8220;&#8220;]Dunajsk\u00e1 188\/5<\/p>\n<p>625 00 Brno[\/vc_column_text]<\/div><\/div><\/div><\/div><\/div>[\/vc_column][\/vc_row][vc_row][vc_column]<div class=\"sc_section bg_tint_dark aligncenter\" style=\"margin-right:auto !important;margin-left:auto !important;background-color:#024b5e;background-image:url(https:\/\/klimakurzy.cz\/wp-content\/uploads\/2014\/12\/section_bg_01.jpg);\"><div class=\"sc_section_overlay\" style=\"background-color:rgba(2,75,94,0.8);\" data-overlay=\"0.8\" data-bg_color=\"#024b5e\"><div class=\"sc_section_content\"width:80%;><div class=\"sc_content content_wrap\">[vc_empty_space height=&#8220;50px&#8220;]<h2 class=\"sc_title sc_title_regular\">Kontakujte n\u00e1s je\u0161t\u011b dnes<\/h2>[vc_column_text css=&#8220;&#8220;]Va\u0161e e-mailov\u00e1 adresa nebude zve\u0159ejn\u011bna. Povinn\u00e1 pole jsou ozna\u010dena *.[\/vc_column_text][vc_empty_space]\n<div class=\"wpcf7 no-js\" id=\"wpcf7-f2020-o1\" lang=\"en-US\" dir=\"ltr\" data-wpcf7-id=\"2020\">\n<div class=\"screen-reader-response\"><p role=\"status\" aria-live=\"polite\" aria-atomic=\"true\"><\/p> <ul><\/ul><\/div>\n<form action=\"\/index.php?rest_route=%2Fwp%2Fv2%2Fpages%2F52#wpcf7-f2020-o1\" method=\"post\" class=\"wpcf7-form init\" aria-label=\"Contact form\" novalidate=\"novalidate\" data-status=\"init\">\n<fieldset class=\"hidden-fields-container\"><input type=\"hidden\" name=\"_wpcf7\" value=\"2020\" \/><input type=\"hidden\" name=\"_wpcf7_version\" value=\"6.1.5\" \/><input type=\"hidden\" name=\"_wpcf7_locale\" value=\"en_US\" \/><input type=\"hidden\" name=\"_wpcf7_unit_tag\" value=\"wpcf7-f2020-o1\" \/><input type=\"hidden\" name=\"_wpcf7_container_post\" value=\"0\" \/><input type=\"hidden\" name=\"_wpcf7_posted_data_hash\" value=\"\" \/>\n<\/fieldset>\n<div class=\"sc_contact_form sc_contact_form_standard\">\n\t<div class=\"sc_kontakt_form_info\">\n\t\t<div class=\"sc_contact_form_field\">\n\t\t\t<p><span class=\"wpcf7-form-control-wrap\" data-name=\"your-name\"><input size=\"40\" maxlength=\"400\" class=\"wpcf7-form-control wpcf7-text wpcf7-validates-as-required\" aria-required=\"true\" aria-invalid=\"false\" placeholder=\"Jm\u00e9no *\" value=\"\" type=\"text\" name=\"your-name\" \/><\/span>\n\t\t\t<\/p>\n\t\t<\/div>\n\t\t<div class=\"sc_kontakt_form_field\">\n\t\t\t<p><span class=\"wpcf7-form-control-wrap\" data-name=\"your-email\"><input size=\"40\" maxlength=\"400\" class=\"wpcf7-form-control wpcf7-email wpcf7-validates-as-required wpcf7-text wpcf7-validates-as-email\" aria-required=\"true\" aria-invalid=\"false\" placeholder=\"E-mail *\" value=\"\" type=\"email\" name=\"your-email\" \/><\/span>\n\t\t\t<\/p>\n\t\t<\/div>\n\t\t<div class=\"sc_kontakt_form_field\">\n\t\t\t<p><span class=\"wpcf7-form-control-wrap\" data-name=\"your-subject\"><input size=\"40\" maxlength=\"400\" class=\"wpcf7-form-control wpcf7-text\" aria-invalid=\"false\" placeholder=\"P\u0159edm\u011bt *\" value=\"\" type=\"text\" name=\"your-subject\" \/><\/span>\n\t\t\t<\/p>\n\t\t<\/div>\n\t<\/div>\n\t<p><label><span class=\"wpcf7-form-control-wrap\" data-name=\"your-message\"><textarea cols=\"40\" rows=\"10\" maxlength=\"2000\" class=\"wpcf7-form-control wpcf7-textarea\" aria-invalid=\"false\" placeholder=\"Zpr\u00e1va\" name=\"your-message\"><\/textarea><\/span><\/label>\n\t<\/p>\n\t<p><span class=\"wpcf7-form-control-wrap\" data-name=\"acceptance-581\"><span class=\"wpcf7-form-control wpcf7-acceptance\"><span class=\"wpcf7-list-item\"><label><input type=\"checkbox\" name=\"acceptance-581\" value=\"1\" aria-invalid=\"false\" \/><span class=\"wpcf7-list-item-label\">Souhlas\u00edm se shroma\u017e\u010fov\u00e1n\u00edm a uchov\u00e1v\u00e1n\u00edm mnou poskytnut\u00fdch \u00fadaj\u016f.<\/span><\/label><\/span><\/span><\/span>\n\t<\/p>\n\t<p><input class=\"wpcf7-form-control wpcf7-submit has-spinner\" type=\"submit\" value=\"Odeslat zpr\u00e1vu\" \/>\n\t<\/p>\n<\/div><div class=\"wpcf7-response-output\" aria-hidden=\"true\"><\/div>\n<\/form>\n<\/div>\n[vc_empty_space]<\/div><\/div><\/div><\/div>[\/vc_column][\/vc_row]<\/p>\n<\/div>","protected":false},"excerpt":{"rendered":"<p>[vc_row][vc_column][\/vc_column][\/vc_row][vc_row][vc_column][\/vc_column][\/vc_row]<\/p>\n","protected":false},"author":1,"featured_media":0,"parent":0,"menu_order":0,"comment_status":"open","ping_status":"open","template":"","meta":{"footnotes":""},"class_list":["post-52","page","type-page","status-publish","hentry"],"yoast_head":"<!-- This site is optimized with the Yoast SEO plugin v27.3 - https:\/\/yoast.com\/product\/yoast-seo-wordpress\/ -->\n<title>Kontaktujte n\u00e1s - kurzy-klimatizace<\/title>\n<meta name=\"robots\" content=\"index, follow, max-snippet:-1, max-image-preview:large, max-video-preview:-1\" \/>\n<link rel=\"canonical\" href=\"https:\/\/klimakurzy.cz\/?page_id=52\" \/>\n<meta property=\"og:locale\" content=\"cs_CZ\" \/>\n<meta property=\"og:type\" content=\"article\" \/>\n<meta property=\"og:title\" content=\"Kontaktujte n\u00e1s - kurzy-klimatizace\" \/>\n<meta property=\"og:description\" content=\"[vc_row][vc_column][\/vc_column][\/vc_row][vc_row][vc_column][\/vc_column][\/vc_row]\" \/>\n<meta property=\"og:url\" content=\"https:\/\/klimakurzy.cz\/?page_id=52\" \/>\n<meta property=\"og:site_name\" content=\"kurzy-klimatizace\" \/>\n<meta property=\"article:modified_time\" content=\"2026-04-03T14:00:43+00:00\" \/>\n<meta name=\"twitter:card\" content=\"summary_large_image\" \/>\n<meta name=\"twitter:label1\" content=\"Odhadovan\u00e1 doba \u010dten\u00ed\" \/>\n\t<meta name=\"twitter:data1\" content=\"1 minuta\" \/>\n<script type=\"application\/ld+json\" class=\"yoast-schema-graph\">{\"@context\":\"https:\\\/\\\/schema.org\",\"@graph\":[{\"@type\":\"WebPage\",\"@id\":\"https:\\\/\\\/klimakurzy.cz\\\/?page_id=52\",\"url\":\"https:\\\/\\\/klimakurzy.cz\\\/?page_id=52\",\"name\":\"Kontaktujte n\u00e1s - kurzy-klimatizace\",\"isPartOf\":{\"@id\":\"https:\\\/\\\/klimakurzy.cz\\\/#website\"},\"datePublished\":\"2014-12-30T10:08:50+00:00\",\"dateModified\":\"2026-04-03T14:00:43+00:00\",\"breadcrumb\":{\"@id\":\"https:\\\/\\\/klimakurzy.cz\\\/?page_id=52#breadcrumb\"},\"inLanguage\":\"cs\",\"potentialAction\":[{\"@type\":\"ReadAction\",\"target\":[\"https:\\\/\\\/klimakurzy.cz\\\/?page_id=52\"]}]},{\"@type\":\"BreadcrumbList\",\"@id\":\"https:\\\/\\\/klimakurzy.cz\\\/?page_id=52#breadcrumb\",\"itemListElement\":[{\"@type\":\"ListItem\",\"position\":1,\"name\":\"Dom\u016f\",\"item\":\"https:\\\/\\\/klimakurzy.cz\\\/\"},{\"@type\":\"ListItem\",\"position\":2,\"name\":\"Kontaktujte n\u00e1s\"}]},{\"@type\":\"WebSite\",\"@id\":\"https:\\\/\\\/klimakurzy.cz\\\/#website\",\"url\":\"https:\\\/\\\/klimakurzy.cz\\\/\",\"name\":\"kurzy-klimatizace\",\"description\":\"Kurzy-klimatizace\",\"potentialAction\":[{\"@type\":\"SearchAction\",\"target\":{\"@type\":\"EntryPoint\",\"urlTemplate\":\"https:\\\/\\\/klimakurzy.cz\\\/?s={search_term_string}\"},\"query-input\":{\"@type\":\"PropertyValueSpecification\",\"valueRequired\":true,\"valueName\":\"search_term_string\"}}],\"inLanguage\":\"cs\"}]}<\/script>\n<!-- \/ Yoast SEO plugin. -->","yoast_head_json":{"title":"Kontaktujte n\u00e1s - kurzy-klimatizace","robots":{"index":"index","follow":"follow","max-snippet":"max-snippet:-1","max-image-preview":"max-image-preview:large","max-video-preview":"max-video-preview:-1"},"canonical":"https:\/\/klimakurzy.cz\/?page_id=52","og_locale":"cs_CZ","og_type":"article","og_title":"Kontaktujte n\u00e1s - kurzy-klimatizace","og_description":"[vc_row][vc_column][\/vc_column][\/vc_row][vc_row][vc_column][\/vc_column][\/vc_row]","og_url":"https:\/\/klimakurzy.cz\/?page_id=52","og_site_name":"kurzy-klimatizace","article_modified_time":"2026-04-03T14:00:43+00:00","twitter_card":"summary_large_image","twitter_misc":{"Odhadovan\u00e1 doba \u010dten\u00ed":"1 minuta"},"schema":{"@context":"https:\/\/schema.org","@graph":[{"@type":"WebPage","@id":"https:\/\/klimakurzy.cz\/?page_id=52","url":"https:\/\/klimakurzy.cz\/?page_id=52","name":"Kontaktujte n\u00e1s - kurzy-klimatizace","isPartOf":{"@id":"https:\/\/klimakurzy.cz\/#website"},"datePublished":"2014-12-30T10:08:50+00:00","dateModified":"2026-04-03T14:00:43+00:00","breadcrumb":{"@id":"https:\/\/klimakurzy.cz\/?page_id=52#breadcrumb"},"inLanguage":"cs","potentialAction":[{"@type":"ReadAction","target":["https:\/\/klimakurzy.cz\/?page_id=52"]}]},{"@type":"BreadcrumbList","@id":"https:\/\/klimakurzy.cz\/?page_id=52#breadcrumb","itemListElement":[{"@type":"ListItem","position":1,"name":"Dom\u016f","item":"https:\/\/klimakurzy.cz\/"},{"@type":"ListItem","position":2,"name":"Kontaktujte n\u00e1s"}]},{"@type":"WebSite","@id":"https:\/\/klimakurzy.cz\/#website","url":"https:\/\/klimakurzy.cz\/","name":"kurzy-klimatizace","description":"Kurzy-klimatizace","potentialAction":[{"@type":"SearchAction","target":{"@type":"EntryPoint","urlTemplate":"https:\/\/klimakurzy.cz\/?s={search_term_string}"},"query-input":{"@type":"PropertyValueSpecification","valueRequired":true,"valueName":"search_term_string"}}],"inLanguage":"cs"}]}},"_links":{"self":[{"href":"https:\/\/klimakurzy.cz\/index.php?rest_route=\/wp\/v2\/pages\/52","targetHints":{"allow":["GET"]}}],"collection":[{"href":"https:\/\/klimakurzy.cz\/index.php?rest_route=\/wp\/v2\/pages"}],"about":[{"href":"https:\/\/klimakurzy.cz\/index.php?rest_route=\/wp\/v2\/types\/page"}],"author":[{"embeddable":true,"href":"https:\/\/klimakurzy.cz\/index.php?rest_route=\/wp\/v2\/users\/1"}],"replies":[{"embeddable":true,"href":"https:\/\/klimakurzy.cz\/index.php?rest_route=%2Fwp%2Fv2%2Fcomments&post=52"}],"version-history":[{"count":2,"href":"https:\/\/klimakurzy.cz\/index.php?rest_route=\/wp\/v2\/pages\/52\/revisions"}],"predecessor-version":[{"id":2453,"href":"https:\/\/klimakurzy.cz\/index.php?rest_route=\/wp\/v2\/pages\/52\/revisions\/2453"}],"wp:attachment":[{"href":"https:\/\/klimakurzy.cz\/index.php?rest_route=%2Fwp%2Fv2%2Fmedia&parent=52"}],"curies":[{"name":"wp","href":"https:\/\/api.w.org\/{rel}","templated":true}]}}