{"id":56,"date":"2015-01-06T08:35:14","date_gmt":"2015-01-06T08:35:14","guid":{"rendered":"https:\/\/kurzy-klimatizace.cz\/cart\/"},"modified":"2026-04-01T18:19:51","modified_gmt":"2026-04-01T18:19:51","slug":"cart","status":"publish","type":"page","link":"https:\/\/klimakurzy.cz\/?page_id=56","title":{"rendered":"Cart"},"content":{"rendered":"<div class=\"wpb-content-wrapper\"><p>[vc_row][vc_column width=&#8220;1\/1&#8243;]<div class=\"woocommerce\"><div class=\"woocommerce-notices-wrapper\"><\/div><div class=\"wc-empty-cart-message\">\n\t<div class=\"cart-empty woocommerce-info\" role=\"status\">\n\t\tV\u00e1\u0161 ko\u0161\u00edk je pr\u00e1zdn\u00fd.\t<\/div>\n<\/div>\t<p class=\"return-to-shop\">\n\t\t<a class=\"button wc-backward\" href=\"https:\/\/klimakurzy.cz\/?page_id=55\">\n\t\t\tZp\u011bt do obchodu\t\t<\/a>\n\t<\/p>\n<\/div>[\/vc_column][\/vc_row]<\/p>\n<\/div>","protected":false},"excerpt":{"rendered":"<p>[vc_row][vc_column width=&#8220;1\/1&#8243;][\/vc_column][\/vc_row]<\/p>\n","protected":false},"author":1,"featured_media":0,"parent":0,"menu_order":0,"comment_status":"closed","ping_status":"open","template":"","meta":{"footnotes":""},"class_list":["post-56","page","type-page","status-publish","hentry"],"yoast_head":"<!-- This site is optimized with the Yoast SEO plugin v27.3 - https:\/\/yoast.com\/product\/yoast-seo-wordpress\/ -->\n<title>Cart - kurzy-klimatizace<\/title>\n<meta name=\"robots\" content=\"index, follow, max-snippet:-1, max-image-preview:large, max-video-preview:-1\" \/>\n<link rel=\"canonical\" href=\"https:\/\/klimakurzy.cz\/?page_id=56\" \/>\n<meta property=\"og:locale\" content=\"cs_CZ\" \/>\n<meta property=\"og:type\" content=\"article\" \/>\n<meta property=\"og:title\" content=\"Cart - kurzy-klimatizace\" \/>\n<meta property=\"og:description\" content=\"[vc_row][vc_column width=&#8220;1\/1&#8243;][\/vc_column][\/vc_row]\" \/>\n<meta property=\"og:url\" content=\"https:\/\/klimakurzy.cz\/?page_id=56\" \/>\n<meta property=\"og:site_name\" content=\"kurzy-klimatizace\" \/>\n<meta property=\"article:modified_time\" content=\"2026-04-01T18:19:51+00:00\" \/>\n<meta name=\"twitter:card\" content=\"summary_large_image\" \/>\n<script type=\"application\/ld+json\" class=\"yoast-schema-graph\">{\"@context\":\"https:\\\/\\\/schema.org\",\"@graph\":[{\"@type\":\"WebPage\",\"@id\":\"https:\\\/\\\/klimakurzy.cz\\\/?page_id=56\",\"url\":\"https:\\\/\\\/klimakurzy.cz\\\/?page_id=56\",\"name\":\"Cart - kurzy-klimatizace\",\"isPartOf\":{\"@id\":\"https:\\\/\\\/klimakurzy.cz\\\/#website\"},\"datePublished\":\"2015-01-06T08:35:14+00:00\",\"dateModified\":\"2026-04-01T18:19:51+00:00\",\"breadcrumb\":{\"@id\":\"https:\\\/\\\/klimakurzy.cz\\\/?page_id=56#breadcrumb\"},\"inLanguage\":\"cs\",\"potentialAction\":[{\"@type\":\"ReadAction\",\"target\":[\"https:\\\/\\\/klimakurzy.cz\\\/?page_id=56\"]}]},{\"@type\":\"BreadcrumbList\",\"@id\":\"https:\\\/\\\/klimakurzy.cz\\\/?page_id=56#breadcrumb\",\"itemListElement\":[{\"@type\":\"ListItem\",\"position\":1,\"name\":\"Dom\u016f\",\"item\":\"https:\\\/\\\/klimakurzy.cz\\\/\"},{\"@type\":\"ListItem\",\"position\":2,\"name\":\"Cart\"}]},{\"@type\":\"WebSite\",\"@id\":\"https:\\\/\\\/klimakurzy.cz\\\/#website\",\"url\":\"https:\\\/\\\/klimakurzy.cz\\\/\",\"name\":\"kurzy-klimatizace\",\"description\":\"Kurzy-klimatizace\",\"potentialAction\":[{\"@type\":\"SearchAction\",\"target\":{\"@type\":\"EntryPoint\",\"urlTemplate\":\"https:\\\/\\\/klimakurzy.cz\\\/?s={search_term_string}\"},\"query-input\":{\"@type\":\"PropertyValueSpecification\",\"valueRequired\":true,\"valueName\":\"search_term_string\"}}],\"inLanguage\":\"cs\"}]}<\/script>\n<!-- \/ Yoast SEO plugin. -->","yoast_head_json":{"title":"Cart - kurzy-klimatizace","robots":{"index":"index","follow":"follow","max-snippet":"max-snippet:-1","max-image-preview":"max-image-preview:large","max-video-preview":"max-video-preview:-1"},"canonical":"https:\/\/klimakurzy.cz\/?page_id=56","og_locale":"cs_CZ","og_type":"article","og_title":"Cart - kurzy-klimatizace","og_description":"[vc_row][vc_column width=&#8220;1\/1&#8243;][\/vc_column][\/vc_row]","og_url":"https:\/\/klimakurzy.cz\/?page_id=56","og_site_name":"kurzy-klimatizace","article_modified_time":"2026-04-01T18:19:51+00:00","twitter_card":"summary_large_image","schema":{"@context":"https:\/\/schema.org","@graph":[{"@type":"WebPage","@id":"https:\/\/klimakurzy.cz\/?page_id=56","url":"https:\/\/klimakurzy.cz\/?page_id=56","name":"Cart - kurzy-klimatizace","isPartOf":{"@id":"https:\/\/klimakurzy.cz\/#website"},"datePublished":"2015-01-06T08:35:14+00:00","dateModified":"2026-04-01T18:19:51+00:00","breadcrumb":{"@id":"https:\/\/klimakurzy.cz\/?page_id=56#breadcrumb"},"inLanguage":"cs","potentialAction":[{"@type":"ReadAction","target":["https:\/\/klimakurzy.cz\/?page_id=56"]}]},{"@type":"BreadcrumbList","@id":"https:\/\/klimakurzy.cz\/?page_id=56#breadcrumb","itemListElement":[{"@type":"ListItem","position":1,"name":"Dom\u016f","item":"https:\/\/klimakurzy.cz\/"},{"@type":"ListItem","position":2,"name":"Cart"}]},{"@type":"WebSite","@id":"https:\/\/klimakurzy.cz\/#website","url":"https:\/\/klimakurzy.cz\/","name":"kurzy-klimatizace","description":"Kurzy-klimatizace","potentialAction":[{"@type":"SearchAction","target":{"@type":"EntryPoint","urlTemplate":"https:\/\/klimakurzy.cz\/?s={search_term_string}"},"query-input":{"@type":"PropertyValueSpecification","valueRequired":true,"valueName":"search_term_string"}}],"inLanguage":"cs"}]}},"_links":{"self":[{"href":"https:\/\/klimakurzy.cz\/index.php?rest_route=\/wp\/v2\/pages\/56","targetHints":{"allow":["GET"]}}],"collection":[{"href":"https:\/\/klimakurzy.cz\/index.php?rest_route=\/wp\/v2\/pages"}],"about":[{"href":"https:\/\/klimakurzy.cz\/index.php?rest_route=\/wp\/v2\/types\/page"}],"author":[{"embeddable":true,"href":"https:\/\/klimakurzy.cz\/index.php?rest_route=\/wp\/v2\/users\/1"}],"replies":[{"embeddable":true,"href":"https:\/\/klimakurzy.cz\/index.php?rest_route=%2Fwp%2Fv2%2Fcomments&post=56"}],"version-history":[{"count":1,"href":"https:\/\/klimakurzy.cz\/index.php?rest_route=\/wp\/v2\/pages\/56\/revisions"}],"predecessor-version":[{"id":2384,"href":"https:\/\/klimakurzy.cz\/index.php?rest_route=\/wp\/v2\/pages\/56\/revisions\/2384"}],"wp:attachment":[{"href":"https:\/\/klimakurzy.cz\/index.php?rest_route=%2Fwp%2Fv2%2Fmedia&parent=56"}],"curies":[{"name":"wp","href":"https:\/\/api.w.org\/{rel}","templated":true}]}}