{"id":2408,"date":"2026-04-02T16:22:53","date_gmt":"2026-04-02T16:22:53","guid":{"rendered":"https:\/\/kurzy-klimatizace.cz\/?post_type=product&#038;p=2408"},"modified":"2026-04-07T13:07:43","modified_gmt":"2026-04-07T13:07:43","slug":"kurz-klimatizaci","status":"publish","type":"product","link":"https:\/\/klimakurzy.cz\/?product=kurz-klimatizaci","title":{"rendered":"Kurz klimatizac\u00ed \u2744\ufe0f\ud83d\udee0\ufe0f"},"content":{"rendered":"<h1 data-section-id=\"1a13oh1\" data-start=\"94\" data-end=\"140\">Kurz klimatizac\u00ed\u2744\ufe0f\ud83d\udee0\ufe0f<\/h1>\n<p data-start=\"142\" data-end=\"419\"><strong data-start=\"142\" data-end=\"162\">Kurz klimatizac\u00ed<\/strong> je ur\u010den pro v\u0161echny, kte\u0159\u00ed cht\u011bj\u00ed z\u00edskat praktick\u00e9 dovednosti pro mont\u00e1\u017e klimatizac\u00ed, servis klimatiza\u010dn\u00edch jednotek a uveden\u00ed klimatizace do provozu. Kurz kombinuje teoretickou p\u0159\u00edpravu s praktick\u00fdm v\u00fdcvikem a zahrnuje tak\u00e9 p\u0159\u00edpravu na certifikaci F-Gas.<\/p>\n<p data-start=\"421\" data-end=\"620\">D\u00edky rostouc\u00ed popt\u00e1vce po klimatizac\u00edch je pr\u00e1ce v oblasti klimatiza\u010dn\u00ed techniky velmi \u017e\u00e1dan\u00e1. Absolvov\u00e1n\u00edm kurzu z\u00edsk\u00e1te dovednosti, kter\u00e9 m\u016f\u017eete vyu\u017e\u00edt jako zam\u011bstnanec nebo p\u0159i vlastn\u00edm podnik\u00e1n\u00ed.<\/p>\n<hr data-start=\"622\" data-end=\"625\" \/>\n<h1 data-section-id=\"kfyqg8\" data-start=\"627\" data-end=\"662\">Co se v kurzu klimatizac\u00ed nau\u010d\u00edte<\/h1>\n<h2 data-section-id=\"1rghbdf\" data-start=\"664\" data-end=\"682\">Teoretick\u00e1 \u010d\u00e1st<\/h2>\n<p data-start=\"684\" data-end=\"909\">\u2744\ufe0f Princip chlazen\u00ed a tepeln\u00e9ho \u010derpadla<br data-start=\"724\" data-end=\"727\" \/>\ud83d\udd01 Chladivov\u00fd okruh a jeho komponenty<br data-start=\"764\" data-end=\"767\" \/>\ud83c\udf31 Typy chladiv a ekologick\u00e9 aspekty<br data-start=\"803\" data-end=\"806\" \/>\ud83e\udde9 Druhy klimatiza\u010dn\u00edch syst\u00e9m\u016f<br data-start=\"837\" data-end=\"840\" \/>\u26a0\ufe0f Bezpe\u010dnostn\u00ed p\u0159edpisy a normy<br data-start=\"872\" data-end=\"875\" \/>\ud83d\udccb Legislativa a po\u017eadavky F-Gas<\/p>\n<hr data-start=\"911\" data-end=\"914\" \/>\n<h2 data-section-id=\"xm8fnf\" data-start=\"916\" data-end=\"951\">Praktick\u00e1 \u010d\u00e1st kurzu klimatizac\u00ed<\/h2>\n<h3 data-section-id=\"1r4y8rn\" data-start=\"953\" data-end=\"975\">Mont\u00e1\u017e klimatizace<\/h3>\n<p data-start=\"977\" data-end=\"1115\">\ud83d\udccd V\u00fdb\u011br vhodn\u00e9ho um\u00edst\u011bn\u00ed jednotek<br data-start=\"1012\" data-end=\"1015\" \/>\ud83d\udd28 Instalace konzol<br data-start=\"1034\" data-end=\"1037\" \/>\ud83d\udd0c Veden\u00ed potrub\u00ed a elektroinstalace<br data-start=\"1073\" data-end=\"1076\" \/>\ud83e\uddf0 Mont\u00e1\u017e vnit\u0159n\u00ed a venkovn\u00ed jednotky<\/p>\n<h3 data-section-id=\"s4czk5\" data-start=\"1117\" data-end=\"1138\">Pr\u00e1ce s chladivem<\/h3>\n<p data-start=\"1140\" data-end=\"1227\">\ud83e\udded Vakuov\u00e1n\u00ed syst\u00e9mu<br data-start=\"1160\" data-end=\"1163\" \/>\ud83e\uddea Pln\u011bn\u00ed chladiva<br data-start=\"1181\" data-end=\"1184\" \/>\ud83d\udd0d Detekce \u00fanik\u016f<br data-start=\"1200\" data-end=\"1203\" \/>\ud83d\udccf Kontrola funk\u010dnosti<\/p>\n<hr data-start=\"1229\" data-end=\"1232\" \/>\n<h2 data-section-id=\"m0ffuv\" data-start=\"1234\" data-end=\"1255\">Servis klimatizac\u00ed<\/h2>\n<p data-start=\"1257\" data-end=\"1350\">\ud83d\udd04 \u00dadr\u017eba klimatizac\u00ed<br data-start=\"1278\" data-end=\"1281\" \/>\ud83e\ude7a Diagnostika poruch<br data-start=\"1302\" data-end=\"1305\" \/>\ud83d\udd01 Opravy klimatizac\u00ed<br data-start=\"1326\" data-end=\"1329\" \/>\ud83e\uddf9 \u010ci\u0161t\u011bn\u00ed jednotek<\/p>\n<hr data-start=\"1352\" data-end=\"1355\" \/>\n<h1 data-section-id=\"14i14ty\" data-start=\"1357\" data-end=\"1388\">Informace o kurzu klimatizac\u00ed<\/h1>\n<p data-start=\"1390\" data-end=\"1525\">\ud83c\udf93 Zakon\u010den\u00ed: Certifik\u00e1t + F-Gas p\u0159\u00edprava<br data-start=\"1431\" data-end=\"1434\" \/>\ud83d\udcc8 \u00darove\u0148: Za\u010d\u00e1te\u010dn\u00edci i pokro\u010dil\u00ed<br data-start=\"1468\" data-end=\"1471\" \/>\ud83e\uddf0 Zam\u011b\u0159en\u00ed: Mont\u00e1\u017e klimatizac\u00ed a servis klimatizac\u00ed<\/p>\n<hr data-start=\"1527\" data-end=\"1530\" \/>\n<h1 data-section-id=\"hdza56\" data-start=\"1532\" data-end=\"1568\">Pro koho je kurz klimatizac\u00ed ur\u010den<\/h1>\n<ul data-start=\"1570\" data-end=\"1699\">\n<li data-section-id=\"qb8tqd\" data-start=\"1570\" data-end=\"1588\">Mont\u00e1\u017en\u00ed firmy<\/li>\n<li data-section-id=\"16iksi4\" data-start=\"1589\" data-end=\"1610\">Servisn\u00ed techniky<\/li>\n<li data-section-id=\"yaqp4m\" data-start=\"1611\" data-end=\"1626\">Elektrik\u00e1\u0159e<\/li>\n<li data-section-id=\"17hdv1u\" data-start=\"1627\" data-end=\"1642\">Instalat\u00e9ry<\/li>\n<li data-section-id=\"1jeubz5\" data-start=\"1643\" data-end=\"1666\">Za\u010d\u00e1te\u010dn\u00edky v oboru<\/li>\n<li data-section-id=\"1sffbt6\" data-start=\"1667\" data-end=\"1699\">Technik\u016fm tepeln\u00fdch \u010derpadel<\/li>\n<\/ul>\n<hr data-start=\"1701\" data-end=\"1704\" \/>\n<h1 data-section-id=\"11bxfgz\" data-start=\"1706\" data-end=\"1740\">Pro\u010d absolvovat kurz klimatizac\u00ed<\/h1>\n<p data-start=\"1742\" data-end=\"1872\">\u2705 Praktick\u00e1 v\u00fduka<br data-start=\"1759\" data-end=\"1762\" \/>\u2705 Certifikace F-Gas<br data-start=\"1781\" data-end=\"1784\" \/>\u2705 Rychl\u00e9 uplatn\u011bn\u00ed v oboru<br data-start=\"1810\" data-end=\"1813\" \/>\u2705 Vysok\u00e1 popt\u00e1vka na trhu<br data-start=\"1838\" data-end=\"1841\" \/>\u2705 Mo\u017enost vlastn\u00edho podnik\u00e1n\u00ed<\/p>\n","protected":false},"excerpt":{"rendered":"<p>Kurz klimatizac\u00ed\u2744\ufe0f\ud83d\udee0\ufe0f Kurz klimatizac\u00ed je ur\u010den pro v\u0161echny, kte\u0159\u00ed cht\u011bj\u00ed z\u00edskat praktick\u00e9 dovednosti pro mont\u00e1\u017e klimatizac\u00ed, servis klimatiza\u010dn\u00edch jednotek a uveden\u00ed klimatizace do provozu. Kurz kombinuje teoretickou p\u0159\u00edpravu s praktick\u00fdm [&hellip;]<\/p>\n","protected":false},"featured_media":2394,"comment_status":"open","ping_status":"closed","template":"","meta":[],"product_brand":[],"product_cat":[118],"product_tag":[],"class_list":{"0":"post-2408","1":"product","2":"type-product","3":"status-publish","4":"has-post-thumbnail","6":"product_cat-kurzy","8":"first","9":"instock","10":"shipping-taxable","11":"purchasable","12":"product-type-simple"},"yoast_head":"<!-- This site is optimized with the Yoast SEO plugin v27.3 - https:\/\/yoast.com\/product\/yoast-seo-wordpress\/ -->\n<title>Kurz klimatizac\u00ed | Mont\u00e1\u017e a servis klimatizac\u00ed<\/title>\n<meta name=\"description\" content=\"Kurz klimatizac\u00ed zam\u011b\u0159en\u00fd na mont\u00e1\u017e, servis a uveden\u00ed do provozu. Praktick\u00e9 \u0161kolen\u00ed klimatiza\u010dn\u00ed techniky s p\u0159\u00edpravou na F-Gas certifikaci.\" \/>\n<meta name=\"robots\" content=\"index, follow, max-snippet:-1, max-image-preview:large, max-video-preview:-1\" \/>\n<link rel=\"canonical\" href=\"https:\/\/klimakurzy.cz\/?product=kurz-klimatizaci\" \/>\n<meta property=\"og:locale\" content=\"cs_CZ\" \/>\n<meta property=\"og:type\" content=\"article\" \/>\n<meta property=\"og:title\" content=\"Kurz klimatizac\u00ed | Mont\u00e1\u017e a servis klimatizac\u00ed\" \/>\n<meta property=\"og:description\" content=\"Kurz klimatizac\u00ed zam\u011b\u0159en\u00fd na mont\u00e1\u017e, servis a uveden\u00ed do provozu. Praktick\u00e9 \u0161kolen\u00ed klimatiza\u010dn\u00ed techniky s p\u0159\u00edpravou na F-Gas certifikaci.\" \/>\n<meta property=\"og:url\" content=\"https:\/\/klimakurzy.cz\/?product=kurz-klimatizaci\" \/>\n<meta property=\"og:site_name\" content=\"kurzy-klimatizace\" \/>\n<meta property=\"article:modified_time\" content=\"2026-04-07T13:07:43+00:00\" \/>\n<meta property=\"og:image\" content=\"https:\/\/klimakurzy.cz\/wp-content\/uploads\/2026\/04\/Monter-KT-1024x683.png\" \/>\n\t<meta property=\"og:image:width\" content=\"1024\" \/>\n\t<meta property=\"og:image:height\" content=\"683\" \/>\n\t<meta property=\"og:image:type\" content=\"image\/png\" \/>\n<meta name=\"twitter:card\" content=\"summary_large_image\" \/>\n<meta name=\"twitter:label1\" content=\"Odhadovan\u00e1 doba \u010dten\u00ed\" \/>\n\t<meta name=\"twitter:data1\" content=\"2 minuty\" \/>\n<script type=\"application\/ld+json\" class=\"yoast-schema-graph\">{\"@context\":\"https:\\\/\\\/schema.org\",\"@graph\":[{\"@type\":\"WebPage\",\"@id\":\"https:\\\/\\\/klimakurzy.cz\\\/?product=kurz-klimatizaci\",\"url\":\"https:\\\/\\\/klimakurzy.cz\\\/?product=kurz-klimatizaci\",\"name\":\"Kurz klimatizac\u00ed | Mont\u00e1\u017e a servis klimatizac\u00ed\",\"isPartOf\":{\"@id\":\"https:\\\/\\\/klimakurzy.cz\\\/#website\"},\"primaryImageOfPage\":{\"@id\":\"https:\\\/\\\/klimakurzy.cz\\\/?product=kurz-klimatizaci#primaryimage\"},\"image\":{\"@id\":\"https:\\\/\\\/klimakurzy.cz\\\/?product=kurz-klimatizaci#primaryimage\"},\"thumbnailUrl\":\"https:\\\/\\\/klimakurzy.cz\\\/wp-content\\\/uploads\\\/2026\\\/04\\\/Monter-KT.png\",\"datePublished\":\"2026-04-02T16:22:53+00:00\",\"dateModified\":\"2026-04-07T13:07:43+00:00\",\"description\":\"Kurz klimatizac\u00ed zam\u011b\u0159en\u00fd na mont\u00e1\u017e, servis a uveden\u00ed do provozu. Praktick\u00e9 \u0161kolen\u00ed klimatiza\u010dn\u00ed techniky s p\u0159\u00edpravou na F-Gas certifikaci.\",\"breadcrumb\":{\"@id\":\"https:\\\/\\\/klimakurzy.cz\\\/?product=kurz-klimatizaci#breadcrumb\"},\"inLanguage\":\"cs\",\"potentialAction\":[{\"@type\":\"ReadAction\",\"target\":[\"https:\\\/\\\/klimakurzy.cz\\\/?product=kurz-klimatizaci\"]}]},{\"@type\":\"ImageObject\",\"inLanguage\":\"cs\",\"@id\":\"https:\\\/\\\/klimakurzy.cz\\\/?product=kurz-klimatizaci#primaryimage\",\"url\":\"https:\\\/\\\/klimakurzy.cz\\\/wp-content\\\/uploads\\\/2026\\\/04\\\/Monter-KT.png\",\"contentUrl\":\"https:\\\/\\\/klimakurzy.cz\\\/wp-content\\\/uploads\\\/2026\\\/04\\\/Monter-KT.png\",\"width\":1536,\"height\":1024},{\"@type\":\"BreadcrumbList\",\"@id\":\"https:\\\/\\\/klimakurzy.cz\\\/?product=kurz-klimatizaci#breadcrumb\",\"itemListElement\":[{\"@type\":\"ListItem\",\"position\":1,\"name\":\"Dom\u016f\",\"item\":\"https:\\\/\\\/klimakurzy.cz\\\/\"},{\"@type\":\"ListItem\",\"position\":2,\"name\":\"Shop\",\"item\":\"https:\\\/\\\/klimakurzy.cz\\\/?page_id=55\"},{\"@type\":\"ListItem\",\"position\":3,\"name\":\"Kurz klimatizac\u00ed \u2744\ufe0f\ud83d\udee0\ufe0f\"}]},{\"@type\":\"WebSite\",\"@id\":\"https:\\\/\\\/klimakurzy.cz\\\/#website\",\"url\":\"https:\\\/\\\/klimakurzy.cz\\\/\",\"name\":\"kurzy-klimatizace\",\"description\":\"Kurzy-klimatizace\",\"potentialAction\":[{\"@type\":\"SearchAction\",\"target\":{\"@type\":\"EntryPoint\",\"urlTemplate\":\"https:\\\/\\\/klimakurzy.cz\\\/?s={search_term_string}\"},\"query-input\":{\"@type\":\"PropertyValueSpecification\",\"valueRequired\":true,\"valueName\":\"search_term_string\"}}],\"inLanguage\":\"cs\"}]}<\/script>\n<!-- \/ Yoast SEO plugin. -->","yoast_head_json":{"title":"Kurz klimatizac\u00ed | Mont\u00e1\u017e a servis klimatizac\u00ed","description":"Kurz klimatizac\u00ed zam\u011b\u0159en\u00fd na mont\u00e1\u017e, servis a uveden\u00ed do provozu. Praktick\u00e9 \u0161kolen\u00ed klimatiza\u010dn\u00ed techniky s p\u0159\u00edpravou na F-Gas certifikaci.","robots":{"index":"index","follow":"follow","max-snippet":"max-snippet:-1","max-image-preview":"max-image-preview:large","max-video-preview":"max-video-preview:-1"},"canonical":"https:\/\/klimakurzy.cz\/?product=kurz-klimatizaci","og_locale":"cs_CZ","og_type":"article","og_title":"Kurz klimatizac\u00ed | Mont\u00e1\u017e a servis klimatizac\u00ed","og_description":"Kurz klimatizac\u00ed zam\u011b\u0159en\u00fd na mont\u00e1\u017e, servis a uveden\u00ed do provozu. Praktick\u00e9 \u0161kolen\u00ed klimatiza\u010dn\u00ed techniky s p\u0159\u00edpravou na F-Gas certifikaci.","og_url":"https:\/\/klimakurzy.cz\/?product=kurz-klimatizaci","og_site_name":"kurzy-klimatizace","article_modified_time":"2026-04-07T13:07:43+00:00","og_image":[{"width":1024,"height":683,"url":"https:\/\/klimakurzy.cz\/wp-content\/uploads\/2026\/04\/Monter-KT-1024x683.png","type":"image\/png"}],"twitter_card":"summary_large_image","twitter_misc":{"Odhadovan\u00e1 doba \u010dten\u00ed":"2 minuty"},"schema":{"@context":"https:\/\/schema.org","@graph":[{"@type":"WebPage","@id":"https:\/\/klimakurzy.cz\/?product=kurz-klimatizaci","url":"https:\/\/klimakurzy.cz\/?product=kurz-klimatizaci","name":"Kurz klimatizac\u00ed | Mont\u00e1\u017e a servis klimatizac\u00ed","isPartOf":{"@id":"https:\/\/klimakurzy.cz\/#website"},"primaryImageOfPage":{"@id":"https:\/\/klimakurzy.cz\/?product=kurz-klimatizaci#primaryimage"},"image":{"@id":"https:\/\/klimakurzy.cz\/?product=kurz-klimatizaci#primaryimage"},"thumbnailUrl":"https:\/\/klimakurzy.cz\/wp-content\/uploads\/2026\/04\/Monter-KT.png","datePublished":"2026-04-02T16:22:53+00:00","dateModified":"2026-04-07T13:07:43+00:00","description":"Kurz klimatizac\u00ed zam\u011b\u0159en\u00fd na mont\u00e1\u017e, servis a uveden\u00ed do provozu. Praktick\u00e9 \u0161kolen\u00ed klimatiza\u010dn\u00ed techniky s p\u0159\u00edpravou na F-Gas certifikaci.","breadcrumb":{"@id":"https:\/\/klimakurzy.cz\/?product=kurz-klimatizaci#breadcrumb"},"inLanguage":"cs","potentialAction":[{"@type":"ReadAction","target":["https:\/\/klimakurzy.cz\/?product=kurz-klimatizaci"]}]},{"@type":"ImageObject","inLanguage":"cs","@id":"https:\/\/klimakurzy.cz\/?product=kurz-klimatizaci#primaryimage","url":"https:\/\/klimakurzy.cz\/wp-content\/uploads\/2026\/04\/Monter-KT.png","contentUrl":"https:\/\/klimakurzy.cz\/wp-content\/uploads\/2026\/04\/Monter-KT.png","width":1536,"height":1024},{"@type":"BreadcrumbList","@id":"https:\/\/klimakurzy.cz\/?product=kurz-klimatizaci#breadcrumb","itemListElement":[{"@type":"ListItem","position":1,"name":"Dom\u016f","item":"https:\/\/klimakurzy.cz\/"},{"@type":"ListItem","position":2,"name":"Shop","item":"https:\/\/klimakurzy.cz\/?page_id=55"},{"@type":"ListItem","position":3,"name":"Kurz klimatizac\u00ed \u2744\ufe0f\ud83d\udee0\ufe0f"}]},{"@type":"WebSite","@id":"https:\/\/klimakurzy.cz\/#website","url":"https:\/\/klimakurzy.cz\/","name":"kurzy-klimatizace","description":"Kurzy-klimatizace","potentialAction":[{"@type":"SearchAction","target":{"@type":"EntryPoint","urlTemplate":"https:\/\/klimakurzy.cz\/?s={search_term_string}"},"query-input":{"@type":"PropertyValueSpecification","valueRequired":true,"valueName":"search_term_string"}}],"inLanguage":"cs"}]}},"_links":{"self":[{"href":"https:\/\/klimakurzy.cz\/index.php?rest_route=\/wp\/v2\/product\/2408","targetHints":{"allow":["GET"]}}],"collection":[{"href":"https:\/\/klimakurzy.cz\/index.php?rest_route=\/wp\/v2\/product"}],"about":[{"href":"https:\/\/klimakurzy.cz\/index.php?rest_route=\/wp\/v2\/types\/product"}],"replies":[{"embeddable":true,"href":"https:\/\/klimakurzy.cz\/index.php?rest_route=%2Fwp%2Fv2%2Fcomments&post=2408"}],"wp:featuredmedia":[{"embeddable":true,"href":"https:\/\/klimakurzy.cz\/index.php?rest_route=\/wp\/v2\/media\/2394"}],"wp:attachment":[{"href":"https:\/\/klimakurzy.cz\/index.php?rest_route=%2Fwp%2Fv2%2Fmedia&parent=2408"}],"wp:term":[{"taxonomy":"product_brand","embeddable":true,"href":"https:\/\/klimakurzy.cz\/index.php?rest_route=%2Fwp%2Fv2%2Fproduct_brand&post=2408"},{"taxonomy":"product_cat","embeddable":true,"href":"https:\/\/klimakurzy.cz\/index.php?rest_route=%2Fwp%2Fv2%2Fproduct_cat&post=2408"},{"taxonomy":"product_tag","embeddable":true,"href":"https:\/\/klimakurzy.cz\/index.php?rest_route=%2Fwp%2Fv2%2Fproduct_tag&post=2408"}],"curies":[{"name":"wp","href":"https:\/\/api.w.org\/{rel}","templated":true}]}}