{"id":2429,"date":"2026-04-03T09:57:00","date_gmt":"2026-04-03T09:57:00","guid":{"rendered":"https:\/\/kurzy-klimatizace.cz\/?post_type=product&#038;p=2429"},"modified":"2026-04-03T10:52:22","modified_gmt":"2026-04-03T10:52:22","slug":"kurz-pvt-hybridnich-systemu-%e2%98%80%ef%b8%8f%f0%9f%94%a7","status":"publish","type":"product","link":"https:\/\/klimakurzy.cz\/?product=kurz-pvt-hybridnich-systemu-%e2%98%80%ef%b8%8f%f0%9f%94%a7","title":{"rendered":"Kurz PVT hybridn\u00edch syst\u00e9m\u016f \u2600\ufe0f\ud83d\udd27"},"content":{"rendered":"<h1 data-section-id=\"5ssjzp\" data-start=\"232\" data-end=\"266\">Kurz PVT hybridn\u00edch syst\u00e9m\u016f \u2600\ufe0f\ud83d\udd27<\/h1>\n<p data-start=\"268\" data-end=\"586\"><strong data-start=\"268\" data-end=\"299\">Kurz PVT hybridn\u00edch syst\u00e9m\u016f<\/strong> je odborn\u00e9 \u0161kolen\u00ed zam\u011b\u0159en\u00e9 na mont\u00e1\u017e, zapojen\u00ed a servis kombinovan\u00fdch <strong data-start=\"371\" data-end=\"412\">fotovoltaicko-termick\u00fdch panel\u016f (PVT)<\/strong>. Tento kurz PVT hybridn\u00edch syst\u00e9m\u016f je ur\u010den pro mont\u00e1\u017en\u00ed firmy, techniky, elektrik\u00e1\u0159e i instalat\u00e9ry, kte\u0159\u00ed cht\u011bj\u00ed roz\u0161\u00ed\u0159it sv\u00e9 slu\u017eby o modern\u00ed hybridn\u00ed sol\u00e1rn\u00ed technologie.<\/p>\n<p data-start=\"588\" data-end=\"797\">B\u011bhem \u0161kolen\u00ed z\u00edsk\u00e1te teoretick\u00e9 znalosti i praktick\u00e9 zku\u0161enosti s instalac\u00ed PVT panel\u016f, jejich zapojen\u00edm a uveden\u00edm do provozu. Kurz je zam\u011b\u0159en na re\u00e1ln\u00e9 situace z praxe a modern\u00ed energeticky \u00fasporn\u00e9 syst\u00e9my.<\/p>\n<hr data-start=\"799\" data-end=\"802\" \/>\n<h2 data-section-id=\"3glvrl\" data-start=\"804\" data-end=\"851\">Co se v kurzu PVT hybridn\u00edch syst\u00e9m\u016f nau\u010d\u00edte<\/h2>\n<h3 data-section-id=\"16iwfio\" data-start=\"853\" data-end=\"872\">Teoretick\u00e1 \u010d\u00e1st<\/h3>\n<ul data-start=\"873\" data-end=\"1047\">\n<li data-section-id=\"13p5j9y\" data-start=\"873\" data-end=\"919\">\u2600\ufe0f Princip fungov\u00e1n\u00ed PVT hybridn\u00edch panel\u016f<\/li>\n<li data-section-id=\"1yyux9z\" data-start=\"920\" data-end=\"969\">\u26a1 Kombinace fotovoltaiky a termick\u00e9ho syst\u00e9mu<\/li>\n<li data-section-id=\"1dhl9x2\" data-start=\"970\" data-end=\"1001\">\ud83c\udf21\ufe0f Vyu\u017eit\u00ed tepeln\u00e9 energie<\/li>\n<li data-section-id=\"983mbp\" data-start=\"1002\" data-end=\"1026\">\ud83d\udd0b Akumulace energie<\/li>\n<li data-section-id=\"1i1f6pm\" data-start=\"1027\" data-end=\"1047\">\ud83d\udcd0 N\u00e1vrh syst\u00e9mu<\/li>\n<\/ul>\n<hr data-start=\"1049\" data-end=\"1052\" \/>\n<h2 data-section-id=\"1fu9lxd\" data-start=\"1054\" data-end=\"1100\">Praktick\u00e1 \u010d\u00e1st kurzu PVT hybridn\u00edch syst\u00e9m\u016f<\/h2>\n<h3 data-section-id=\"1ctp956\" data-start=\"1102\" data-end=\"1123\">Mont\u00e1\u017e PVT panel\u016f<\/h3>\n<ul data-start=\"1124\" data-end=\"1232\">\n<li data-section-id=\"1hy0io7\" data-start=\"1124\" data-end=\"1154\">\ud83d\udccd V\u00fdb\u011br vhodn\u00e9ho um\u00edst\u011bn\u00ed<\/li>\n<li data-section-id=\"6eaq9c\" data-start=\"1155\" data-end=\"1182\">\ud83d\udd28 Instalace konstrukce<\/li>\n<li data-section-id=\"1mhwvir\" data-start=\"1183\" data-end=\"1205\">\ud83d\udd17 Zapojen\u00ed panel\u016f<\/li>\n<li data-section-id=\"18z5gz\" data-start=\"1206\" data-end=\"1232\">\u26a1 Elektrick\u00e9 p\u0159ipojen\u00ed<\/li>\n<\/ul>\n<h3 data-section-id=\"1yxkwvm\" data-start=\"1234\" data-end=\"1254\">Zapojen\u00ed syst\u00e9mu<\/h3>\n<ul data-start=\"1255\" data-end=\"1334\">\n<li data-section-id=\"fuv5id\" data-start=\"1255\" data-end=\"1283\">\ud83c\udf21\ufe0f Hydraulick\u00e9 zapojen\u00ed<\/li>\n<li data-section-id=\"983mbp\" data-start=\"1284\" data-end=\"1308\">\ud83d\udd0b Akumulace energie<\/li>\n<li data-section-id=\"jf2pah\" data-start=\"1309\" data-end=\"1334\">\u2699\ufe0f Nastaven\u00ed regulace<\/li>\n<\/ul>\n<hr data-start=\"1336\" data-end=\"1339\" \/>\n<h2 data-section-id=\"15qrm4t\" data-start=\"1341\" data-end=\"1382\">Servis a \u00fadr\u017eba PVT hybridn\u00edch syst\u00e9m\u016f<\/h2>\n<ul data-start=\"1384\" data-end=\"1485\">\n<li data-section-id=\"nvgptq\" data-start=\"1384\" data-end=\"1408\">\ud83d\udd04 Pravideln\u00e1 \u00fadr\u017eba<\/li>\n<li data-section-id=\"1i4n501\" data-start=\"1409\" data-end=\"1434\">\ud83e\ude7a Diagnostika poruch<\/li>\n<li data-section-id=\"1eu0w37\" data-start=\"1435\" data-end=\"1462\">\u2699\ufe0f Optimalizace provozu<\/li>\n<li data-section-id=\"f0apd5\" data-start=\"1463\" data-end=\"1485\">\ud83d\udd27 Servis za\u0159\u00edzen\u00ed<\/li>\n<\/ul>\n<hr data-start=\"1487\" data-end=\"1490\" \/>\n<h2 data-section-id=\"177s7vj\" data-start=\"1492\" data-end=\"1512\">Informace o kurzu<\/h2>\n<p data-start=\"1514\" data-end=\"1658\"><br data-start=\"1538\" data-end=\"1541\" \/><strong data-start=\"1541\" data-end=\"1555\">Zakon\u010den\u00ed:<\/strong> Certifik\u00e1t o absolvov\u00e1n\u00ed<br data-start=\"1580\" data-end=\"1583\" \/><strong data-start=\"1583\" data-end=\"1594\">\u00darove\u0148:<\/strong> Za\u010d\u00e1te\u010dn\u00edci i pokro\u010dil\u00ed<br data-start=\"1618\" data-end=\"1621\" \/><strong data-start=\"1621\" data-end=\"1631\">Forma:<\/strong> Teorie + praktick\u00e1 v\u00fduka<\/p>\n<hr data-start=\"1660\" data-end=\"1663\" \/>\n<h2 data-section-id=\"b0dqak\" data-start=\"1665\" data-end=\"1687\">Dal\u0161\u00ed odborn\u00e9 kurzy<\/h2>\n<p data-start=\"1689\" data-end=\"1768\">\ud83d\udc49 Kurz klimatizac\u00ed<br data-start=\"1716\" data-end=\"1719\" \/>\ud83d\udc49 Kurz tepeln\u00fdch \u010derpadel<\/p>\n<hr data-start=\"1770\" data-end=\"1773\" \/>\n<h2 data-section-id=\"1e0dow\" data-start=\"1775\" data-end=\"1797\">Normy a legislativa<\/h2>\n<p data-start=\"1799\" data-end=\"1869\">Kurz je veden podle aktu\u00e1ln\u00edch technick\u00fdch norem a doporu\u010den\u00ed v\u00fdrobc\u016f.<\/p>\n","protected":false},"excerpt":{"rendered":"<p>Kurz PVT hybridn\u00edch syst\u00e9m\u016f \u2600\ufe0f\ud83d\udd27 Kurz PVT hybridn\u00edch syst\u00e9m\u016f je odborn\u00e9 \u0161kolen\u00ed zam\u011b\u0159en\u00e9 na mont\u00e1\u017e, zapojen\u00ed a servis kombinovan\u00fdch fotovoltaicko-termick\u00fdch panel\u016f (PVT). Tento kurz PVT hybridn\u00edch syst\u00e9m\u016f je ur\u010den pro [&hellip;]<\/p>\n","protected":false},"featured_media":2400,"comment_status":"open","ping_status":"closed","template":"","meta":[],"product_brand":[],"product_cat":[118],"product_tag":[],"class_list":{"0":"post-2429","1":"product","2":"type-product","3":"status-publish","4":"has-post-thumbnail","6":"product_cat-kurzy","8":"first","9":"instock","10":"shipping-taxable","11":"purchasable","12":"product-type-simple"},"yoast_head":"<!-- This site is optimized with the Yoast SEO plugin v27.3 - https:\/\/yoast.com\/product\/yoast-seo-wordpress\/ -->\n<title>Kurz PVT hybridn\u00edch syst\u00e9m\u016f | Mont\u00e1\u017e PVT panel\u016f<\/title>\n<meta name=\"description\" content=\"Kurz PVT hybridn\u00edch syst\u00e9m\u016f. Nau\u010dte se mont\u00e1\u017e, zapojen\u00ed a vyu\u017eit\u00ed PVT panel\u016f. Praktick\u00e9 \u0161kolen\u00ed s certifik\u00e1tem.\" \/>\n<meta name=\"robots\" content=\"index, follow, max-snippet:-1, max-image-preview:large, max-video-preview:-1\" \/>\n<link rel=\"canonical\" href=\"https:\/\/klimakurzy.cz\/?product=kurz-pvt-hybridnich-systemu-\u2600\ufe0f\ud83d\udd27\" \/>\n<meta property=\"og:locale\" content=\"cs_CZ\" \/>\n<meta property=\"og:type\" content=\"article\" \/>\n<meta property=\"og:title\" content=\"Kurz PVT hybridn\u00edch syst\u00e9m\u016f | Mont\u00e1\u017e PVT panel\u016f\" \/>\n<meta property=\"og:description\" content=\"Kurz PVT hybridn\u00edch syst\u00e9m\u016f. Nau\u010dte se mont\u00e1\u017e, zapojen\u00ed a vyu\u017eit\u00ed PVT panel\u016f. Praktick\u00e9 \u0161kolen\u00ed s certifik\u00e1tem.\" \/>\n<meta property=\"og:url\" content=\"https:\/\/klimakurzy.cz\/?product=kurz-pvt-hybridnich-systemu-\u2600\ufe0f\ud83d\udd27\" \/>\n<meta property=\"og:site_name\" content=\"kurzy-klimatizace\" \/>\n<meta property=\"article:modified_time\" content=\"2026-04-03T10:52:22+00:00\" \/>\n<meta property=\"og:image\" content=\"https:\/\/klimakurzy.cz\/wp-content\/uploads\/2026\/04\/Instalace-PVT-1024x683.png\" \/>\n\t<meta property=\"og:image:width\" content=\"1024\" \/>\n\t<meta property=\"og:image:height\" content=\"683\" \/>\n\t<meta property=\"og:image:type\" content=\"image\/png\" \/>\n<meta name=\"twitter:card\" content=\"summary_large_image\" \/>\n<meta name=\"twitter:label1\" content=\"Odhadovan\u00e1 doba \u010dten\u00ed\" \/>\n\t<meta name=\"twitter:data1\" content=\"2 minuty\" \/>\n<script type=\"application\/ld+json\" class=\"yoast-schema-graph\">{\"@context\":\"https:\\\/\\\/schema.org\",\"@graph\":[{\"@type\":\"WebPage\",\"@id\":\"https:\\\/\\\/klimakurzy.cz\\\/?product=kurz-pvt-hybridnich-systemu-%e2%98%80%ef%b8%8f%f0%9f%94%a7\",\"url\":\"https:\\\/\\\/klimakurzy.cz\\\/?product=kurz-pvt-hybridnich-systemu-%e2%98%80%ef%b8%8f%f0%9f%94%a7\",\"name\":\"Kurz PVT hybridn\u00edch syst\u00e9m\u016f | Mont\u00e1\u017e PVT panel\u016f\",\"isPartOf\":{\"@id\":\"https:\\\/\\\/klimakurzy.cz\\\/#website\"},\"primaryImageOfPage\":{\"@id\":\"https:\\\/\\\/klimakurzy.cz\\\/?product=kurz-pvt-hybridnich-systemu-%e2%98%80%ef%b8%8f%f0%9f%94%a7#primaryimage\"},\"image\":{\"@id\":\"https:\\\/\\\/klimakurzy.cz\\\/?product=kurz-pvt-hybridnich-systemu-%e2%98%80%ef%b8%8f%f0%9f%94%a7#primaryimage\"},\"thumbnailUrl\":\"https:\\\/\\\/klimakurzy.cz\\\/wp-content\\\/uploads\\\/2026\\\/04\\\/Instalace-PVT.png\",\"datePublished\":\"2026-04-03T09:57:00+00:00\",\"dateModified\":\"2026-04-03T10:52:22+00:00\",\"description\":\"Kurz PVT hybridn\u00edch syst\u00e9m\u016f. Nau\u010dte se mont\u00e1\u017e, zapojen\u00ed a vyu\u017eit\u00ed PVT panel\u016f. Praktick\u00e9 \u0161kolen\u00ed s certifik\u00e1tem.\",\"breadcrumb\":{\"@id\":\"https:\\\/\\\/klimakurzy.cz\\\/?product=kurz-pvt-hybridnich-systemu-%e2%98%80%ef%b8%8f%f0%9f%94%a7#breadcrumb\"},\"inLanguage\":\"cs\",\"potentialAction\":[{\"@type\":\"ReadAction\",\"target\":[\"https:\\\/\\\/klimakurzy.cz\\\/?product=kurz-pvt-hybridnich-systemu-%e2%98%80%ef%b8%8f%f0%9f%94%a7\"]}]},{\"@type\":\"ImageObject\",\"inLanguage\":\"cs\",\"@id\":\"https:\\\/\\\/klimakurzy.cz\\\/?product=kurz-pvt-hybridnich-systemu-%e2%98%80%ef%b8%8f%f0%9f%94%a7#primaryimage\",\"url\":\"https:\\\/\\\/klimakurzy.cz\\\/wp-content\\\/uploads\\\/2026\\\/04\\\/Instalace-PVT.png\",\"contentUrl\":\"https:\\\/\\\/klimakurzy.cz\\\/wp-content\\\/uploads\\\/2026\\\/04\\\/Instalace-PVT.png\",\"width\":1536,\"height\":1024},{\"@type\":\"BreadcrumbList\",\"@id\":\"https:\\\/\\\/klimakurzy.cz\\\/?product=kurz-pvt-hybridnich-systemu-%e2%98%80%ef%b8%8f%f0%9f%94%a7#breadcrumb\",\"itemListElement\":[{\"@type\":\"ListItem\",\"position\":1,\"name\":\"Dom\u016f\",\"item\":\"https:\\\/\\\/klimakurzy.cz\\\/\"},{\"@type\":\"ListItem\",\"position\":2,\"name\":\"Shop\",\"item\":\"https:\\\/\\\/klimakurzy.cz\\\/?page_id=55\"},{\"@type\":\"ListItem\",\"position\":3,\"name\":\"kurz PVT hybridn\u00edch syst\u00e9m\u016f\"}]},{\"@type\":\"WebSite\",\"@id\":\"https:\\\/\\\/klimakurzy.cz\\\/#website\",\"url\":\"https:\\\/\\\/klimakurzy.cz\\\/\",\"name\":\"kurzy-klimatizace\",\"description\":\"Kurzy-klimatizace\",\"potentialAction\":[{\"@type\":\"SearchAction\",\"target\":{\"@type\":\"EntryPoint\",\"urlTemplate\":\"https:\\\/\\\/klimakurzy.cz\\\/?s={search_term_string}\"},\"query-input\":{\"@type\":\"PropertyValueSpecification\",\"valueRequired\":true,\"valueName\":\"search_term_string\"}}],\"inLanguage\":\"cs\"}]}<\/script>\n<!-- \/ Yoast SEO plugin. -->","yoast_head_json":{"title":"Kurz PVT hybridn\u00edch syst\u00e9m\u016f | Mont\u00e1\u017e PVT panel\u016f","description":"Kurz PVT hybridn\u00edch syst\u00e9m\u016f. Nau\u010dte se mont\u00e1\u017e, zapojen\u00ed a vyu\u017eit\u00ed PVT panel\u016f. Praktick\u00e9 \u0161kolen\u00ed s certifik\u00e1tem.","robots":{"index":"index","follow":"follow","max-snippet":"max-snippet:-1","max-image-preview":"max-image-preview:large","max-video-preview":"max-video-preview:-1"},"canonical":"https:\/\/klimakurzy.cz\/?product=kurz-pvt-hybridnich-systemu-\u2600\ufe0f\ud83d\udd27","og_locale":"cs_CZ","og_type":"article","og_title":"Kurz PVT hybridn\u00edch syst\u00e9m\u016f | Mont\u00e1\u017e PVT panel\u016f","og_description":"Kurz PVT hybridn\u00edch syst\u00e9m\u016f. Nau\u010dte se mont\u00e1\u017e, zapojen\u00ed a vyu\u017eit\u00ed PVT panel\u016f. Praktick\u00e9 \u0161kolen\u00ed s certifik\u00e1tem.","og_url":"https:\/\/klimakurzy.cz\/?product=kurz-pvt-hybridnich-systemu-\u2600\ufe0f\ud83d\udd27","og_site_name":"kurzy-klimatizace","article_modified_time":"2026-04-03T10:52:22+00:00","og_image":[{"width":1024,"height":683,"url":"https:\/\/klimakurzy.cz\/wp-content\/uploads\/2026\/04\/Instalace-PVT-1024x683.png","type":"image\/png"}],"twitter_card":"summary_large_image","twitter_misc":{"Odhadovan\u00e1 doba \u010dten\u00ed":"2 minuty"},"schema":{"@context":"https:\/\/schema.org","@graph":[{"@type":"WebPage","@id":"https:\/\/klimakurzy.cz\/?product=kurz-pvt-hybridnich-systemu-%e2%98%80%ef%b8%8f%f0%9f%94%a7","url":"https:\/\/klimakurzy.cz\/?product=kurz-pvt-hybridnich-systemu-%e2%98%80%ef%b8%8f%f0%9f%94%a7","name":"Kurz PVT hybridn\u00edch syst\u00e9m\u016f | Mont\u00e1\u017e PVT panel\u016f","isPartOf":{"@id":"https:\/\/klimakurzy.cz\/#website"},"primaryImageOfPage":{"@id":"https:\/\/klimakurzy.cz\/?product=kurz-pvt-hybridnich-systemu-%e2%98%80%ef%b8%8f%f0%9f%94%a7#primaryimage"},"image":{"@id":"https:\/\/klimakurzy.cz\/?product=kurz-pvt-hybridnich-systemu-%e2%98%80%ef%b8%8f%f0%9f%94%a7#primaryimage"},"thumbnailUrl":"https:\/\/klimakurzy.cz\/wp-content\/uploads\/2026\/04\/Instalace-PVT.png","datePublished":"2026-04-03T09:57:00+00:00","dateModified":"2026-04-03T10:52:22+00:00","description":"Kurz PVT hybridn\u00edch syst\u00e9m\u016f. Nau\u010dte se mont\u00e1\u017e, zapojen\u00ed a vyu\u017eit\u00ed PVT panel\u016f. Praktick\u00e9 \u0161kolen\u00ed s certifik\u00e1tem.","breadcrumb":{"@id":"https:\/\/klimakurzy.cz\/?product=kurz-pvt-hybridnich-systemu-%e2%98%80%ef%b8%8f%f0%9f%94%a7#breadcrumb"},"inLanguage":"cs","potentialAction":[{"@type":"ReadAction","target":["https:\/\/klimakurzy.cz\/?product=kurz-pvt-hybridnich-systemu-%e2%98%80%ef%b8%8f%f0%9f%94%a7"]}]},{"@type":"ImageObject","inLanguage":"cs","@id":"https:\/\/klimakurzy.cz\/?product=kurz-pvt-hybridnich-systemu-%e2%98%80%ef%b8%8f%f0%9f%94%a7#primaryimage","url":"https:\/\/klimakurzy.cz\/wp-content\/uploads\/2026\/04\/Instalace-PVT.png","contentUrl":"https:\/\/klimakurzy.cz\/wp-content\/uploads\/2026\/04\/Instalace-PVT.png","width":1536,"height":1024},{"@type":"BreadcrumbList","@id":"https:\/\/klimakurzy.cz\/?product=kurz-pvt-hybridnich-systemu-%e2%98%80%ef%b8%8f%f0%9f%94%a7#breadcrumb","itemListElement":[{"@type":"ListItem","position":1,"name":"Dom\u016f","item":"https:\/\/klimakurzy.cz\/"},{"@type":"ListItem","position":2,"name":"Shop","item":"https:\/\/klimakurzy.cz\/?page_id=55"},{"@type":"ListItem","position":3,"name":"kurz PVT hybridn\u00edch syst\u00e9m\u016f"}]},{"@type":"WebSite","@id":"https:\/\/klimakurzy.cz\/#website","url":"https:\/\/klimakurzy.cz\/","name":"kurzy-klimatizace","description":"Kurzy-klimatizace","potentialAction":[{"@type":"SearchAction","target":{"@type":"EntryPoint","urlTemplate":"https:\/\/klimakurzy.cz\/?s={search_term_string}"},"query-input":{"@type":"PropertyValueSpecification","valueRequired":true,"valueName":"search_term_string"}}],"inLanguage":"cs"}]}},"_links":{"self":[{"href":"https:\/\/klimakurzy.cz\/index.php?rest_route=\/wp\/v2\/product\/2429","targetHints":{"allow":["GET"]}}],"collection":[{"href":"https:\/\/klimakurzy.cz\/index.php?rest_route=\/wp\/v2\/product"}],"about":[{"href":"https:\/\/klimakurzy.cz\/index.php?rest_route=\/wp\/v2\/types\/product"}],"replies":[{"embeddable":true,"href":"https:\/\/klimakurzy.cz\/index.php?rest_route=%2Fwp%2Fv2%2Fcomments&post=2429"}],"wp:featuredmedia":[{"embeddable":true,"href":"https:\/\/klimakurzy.cz\/index.php?rest_route=\/wp\/v2\/media\/2400"}],"wp:attachment":[{"href":"https:\/\/klimakurzy.cz\/index.php?rest_route=%2Fwp%2Fv2%2Fmedia&parent=2429"}],"wp:term":[{"taxonomy":"product_brand","embeddable":true,"href":"https:\/\/klimakurzy.cz\/index.php?rest_route=%2Fwp%2Fv2%2Fproduct_brand&post=2429"},{"taxonomy":"product_cat","embeddable":true,"href":"https:\/\/klimakurzy.cz\/index.php?rest_route=%2Fwp%2Fv2%2Fproduct_cat&post=2429"},{"taxonomy":"product_tag","embeddable":true,"href":"https:\/\/klimakurzy.cz\/index.php?rest_route=%2Fwp%2Fv2%2Fproduct_tag&post=2429"}],"curies":[{"name":"wp","href":"https:\/\/api.w.org\/{rel}","templated":true}]}}